{"id":2025,"date":"2016-01-17T18:42:50","date_gmt":"2016-01-17T18:42:50","guid":{"rendered":"http:\/\/svn.schachvereine.de\/wp\/?page_id=2025"},"modified":"2022-08-19T19:08:46","modified_gmt":"2022-08-19T17:08:46","slug":"mediathek","status":"publish","type":"page","link":"https:\/\/svn.schachvereine.de\/wp\/training\/mediathek\/","title":{"rendered":"Mediathek"},"content":{"rendered":"<p>Unser digitales Material Dieses steht jedem Vereinsmitglied zur Verf\u00fcgung, einzige\u00a0Voraussetzung ist ein einigerma\u00dfen aktueller Windows-PC mit DVD-Laufwerk.<\/p>\n<p>Die Varianten und Abspiele aller Er\u00f6ffnungen (Chess Base Tutorials #01 bis\u00a0#05) werden von verschiedenen Gro\u00dfmeistern, \u00e4lteren und j\u00fcngeren,\u00a0erkl\u00e4rt und reichen bis zu einer Spielst\u00e4rke von etwa DWZ 1900.<\/p>\n<p>Einige DVD\u2019s aus dem Bereich Schachstrategie und Positionsspiel von GM\u00a0Daniel King sowie Taktik und K\u00f6nigangriff von IM Martin Breutigam sollen\u00a0helfen das Mittelspiel besser zu verstehen und zu behandeln.<\/p>\n<p>Das Endspiel darf nat\u00fcrlich nicht fehlen, denn nicht immer besiegt man\u00a0einen guten Gegner durch den direkten K\u00f6nigsangriff wie Daniel King\u00a0feststellt. Hier sind die Werke von GM Karten M\u00fcller eine Klasse f\u00fcr\u00a0sich, wobei wir uns auf die &#8222;Scheiben&#8220; konzentriert haben, die Endspiele\u00a0aus gespielten Partien und deren Behandlung beleuchten. F\u00fcr die Besch\u00e4ftigung mit den theoretischen Grundlagen sind aber auch die B\u00e4nde\u00a01-4 vorhanden.<\/p>\n<p>F\u00fcr das Ausleihen gilt eine Frist von 3 Wochen, jeweils eine DVD.<br \/>\nWer selbst \u00fcberlegt, das ein oder andere digitale Medium anzuschaffen,\u00a0kann zudem\u00a0erstmal\u00a0bei uns schauen was ihm am meisten zusagt.<\/p>\n<p>Die Mediathek wurde aus Spendengelder finanziert, darunter ist auch eine Beitrag der Kreissparkasse Esslingen-N\u00fcrtingen.<\/p>\n<p><!--nextpage--><\/p>\n<table width=\"530\">\n<tbody>\n<tr>\n<td width=\"530\"><strong>Kinder-\/Jugendschach<\/strong><\/td>\n<\/tr>\n<tr>\n<td>Chess Tutor: Stufe 1 &#8211; Das Brett und die Figuren<\/td>\n<\/tr>\n<tr>\n<td>Chess Tutor: Stufe 2 &#8211; Aktivit\u00e4t und Verwundbarkeit<\/td>\n<\/tr>\n<tr>\n<td>Chess Tutor: Stufe 3 &#8211; Die Er\u00f6ffnung abschlie\u00dfen<\/td>\n<\/tr>\n<tr>\n<td width=\"530\"><strong>Er\u00f6ffnung<\/strong><\/td>\n<\/tr>\n<tr>\n<td>ChessBase Tutorials: Er\u00f6ffnungen #01 Offene Spiele<\/td>\n<\/tr>\n<tr>\n<td>ChessBase Tutorials: Er\u00f6ffnungen #02 Halboffene Spiele<\/td>\n<\/tr>\n<tr>\n<td>ChessBase Tutorials: Er\u00f6ffnungen #03 Damengambit und Damenbauernspiele<\/td>\n<\/tr>\n<tr>\n<td>ChessBase Tutorials: Er\u00f6ffnungen #04 Indische Er\u00f6ffnungen<\/td>\n<\/tr>\n<tr>\n<td>ChessBase Tutorials: Er\u00f6ffnungen #05 Flankenspiele<\/td>\n<\/tr>\n<tr>\n<td><\/td>\n<\/tr>\n<tr>\n<td><strong>Endspiel<\/strong><\/td>\n<\/tr>\n<tr>\n<td>GM Karsten M\u00fcller: Endspiele 1 &#8211; Grundlagen<\/td>\n<\/tr>\n<tr>\n<td>GM Karsten M\u00fcller: Endspiele 2 &#8211; Turmendspiele<\/td>\n<\/tr>\n<tr>\n<td>GM Karsten M\u00fcller: Endspiele 3 &#8211; Schwerfiguren<\/td>\n<\/tr>\n<tr>\n<td>GM Karsten M\u00fcller: Endspiele 4 &#8211; Technische Endspiele<\/td>\n<\/tr>\n<tr>\n<td>GM Karsten M\u00fcller: Endspiele 5 &#8211; Endspielprinzipien Aktivit\u00e4t &amp; Initiative<\/td>\n<\/tr>\n<tr>\n<td>GM Karsten M\u00fcller: Endspiele 6 &#8211; Endspielprinzipien Dominanz &amp; Prophylaxe<\/td>\n<\/tr>\n<tr>\n<td>GM Karsten M\u00fcller: Endspiele 7 &#8211; Endspielprinzipien Schw\u00e4chen und Festung<\/td>\n<\/tr>\n<tr>\n<td>GM Karsten M\u00fcller: Endspiele 8 &#8211; Praktische Turmendspiele<\/td>\n<\/tr>\n<tr>\n<td><\/td>\n<\/tr>\n<tr>\n<td><strong>Taktik<\/strong><\/td>\n<\/tr>\n<tr>\n<td>IM Martin Breutigam: Schachtaktik 1 &#8211; Kombinieren lernen<\/td>\n<\/tr>\n<tr>\n<td>IM Martin Breutigam: Schachtaktik 2 &#8211; Muster der Meister<\/td>\n<\/tr>\n<tr>\n<td>IM Martin Breutigam: Schachtaktik 3 &#8211; Die Techniken im Opferangriff<\/td>\n<\/tr>\n<tr>\n<td><\/td>\n<\/tr>\n<tr>\n<td><strong>Strategie<\/strong><\/td>\n<\/tr>\n<tr>\n<td>GM Daniel King: Powerplay 5 &#8211; Bauern<\/td>\n<\/tr>\n<tr>\n<td>GM Daniel King: Powerplay 6 &#8211; Steine, Strukturen &amp; Strategien<\/td>\n<\/tr>\n<tr>\n<td>GM Daniel King: Powerplay 7 &#8211; So werden Figuren stark<\/td>\n<\/tr>\n<tr>\n<td>GM Daniel King: Powerplay 10 &#8211; Richtig rechnen<\/td>\n<\/tr>\n<tr>\n<td>GM Daniel King: Powerplay 11 &#8211; Verteidigung<\/td>\n<\/tr>\n<\/tbody>\n<\/table>\n","protected":false},"excerpt":{"rendered":"<p>Unser digitales Material Dieses steht jedem Vereinsmitglied zur Verf\u00fcgung, einzige\u00a0Voraussetzung ist ein einigerma\u00dfen aktueller Windows-PC mit DVD-Laufwerk. Die Varianten und Abspiele aller Er\u00f6ffnungen (Chess Base Tutorials #01 bis\u00a0#05) werden von verschiedenen Gro\u00dfmeistern, \u00e4lteren und j\u00fcngeren,\u00a0erkl\u00e4rt und reichen bis zu einer &hellip; <a href=\"https:\/\/svn.schachvereine.de\/wp\/training\/mediathek\/\">Weiterlesen <span class=\"meta-nav\">&rarr;<\/span><\/a><\/p>\n","protected":false},"author":3,"featured_media":0,"parent":67,"menu_order":1,"comment_status":"closed","ping_status":"closed","template":"","meta":[],"_links":{"self":[{"href":"https:\/\/svn.schachvereine.de\/wp\/wp-json\/wp\/v2\/pages\/2025"}],"collection":[{"href":"https:\/\/svn.schachvereine.de\/wp\/wp-json\/wp\/v2\/pages"}],"about":[{"href":"https:\/\/svn.schachvereine.de\/wp\/wp-json\/wp\/v2\/types\/page"}],"author":[{"embeddable":true,"href":"https:\/\/svn.schachvereine.de\/wp\/wp-json\/wp\/v2\/users\/3"}],"replies":[{"embeddable":true,"href":"https:\/\/svn.schachvereine.de\/wp\/wp-json\/wp\/v2\/comments?post=2025"}],"version-history":[{"count":11,"href":"https:\/\/svn.schachvereine.de\/wp\/wp-json\/wp\/v2\/pages\/2025\/revisions"}],"predecessor-version":[{"id":4517,"href":"https:\/\/svn.schachvereine.de\/wp\/wp-json\/wp\/v2\/pages\/2025\/revisions\/4517"}],"up":[{"embeddable":true,"href":"https:\/\/svn.schachvereine.de\/wp\/wp-json\/wp\/v2\/pages\/67"}],"wp:attachment":[{"href":"https:\/\/svn.schachvereine.de\/wp\/wp-json\/wp\/v2\/media?parent=2025"}],"curies":[{"name":"wp","href":"https:\/\/api.w.org\/{rel}","templated":true}]}}