{"id":1730,"date":"2024-10-19T19:41:42","date_gmt":"2024-10-19T17:41:42","guid":{"rendered":"https:\/\/svn.schachvereine.de\/wp6\/?page_id=1730"},"modified":"2026-01-27T18:46:48","modified_gmt":"2026-01-27T17:46:48","slug":"talentstuetzpunkt-nuertingen","status":"publish","type":"page","link":"https:\/\/svn.schachvereine.de\/wp6\/jugendschach\/talentstuetzpunkt-nuertingen\/","title":{"rendered":"Talentst\u00fctzpunkt N\u00fcrtingen"},"content":{"rendered":"\n<p><strong>Von Ende September bis Anfang Juli findet circa alle vier Wochen ein Schachtraining im Salemer Hof in N\u00fcrtingen statt. An diesen Samstag Vormittagen trainieren wir von 9:00 bis 13:00 Uhr.<\/strong><\/p>\n\n\n\n<h4 class=\"wp-block-heading\">Strategie und Taktik<\/h4>\n\n\n\n<p>Themen wie Entwicklungsvorsprung, Erschaffung und Ausnutzen starker Felder, Angriff auf der 7. und 8. Reihe u.v.m. wurden in der letzten Saison behandelt.<\/p>\n\n\n\n<h4 class=\"wp-block-heading\">Endspieltechnik<\/h4>\n\n\n\n<p>Neben den taktischen \u00dcbungen und strategischen Themen verbessern wir unsere\u00a0 Endspieltechnik, um so das Wissen in der dritten Partiephase zu erweitern. Es bleibt dabei gen\u00fcgend Zeit nach den inhaltlichen Vortr\u00e4gen f\u00fcr eigenst\u00e4ndige \u00dcbungen und die Nachbesprechung in der Gruppe.<\/p>\n\n\n\n<h4 class=\"wp-block-heading\">Auch das Spiel kommt nicht zu kurz<\/h4>\n\n\n\n<p>Zum Abschluss&nbsp; spielen wir nat\u00fcrlich auch Blitzpartien oder wir schauen uns eine von den Jugendlichen gespielte Turnierpartie an.<\/p>\n\n\n\n<div class=\"wp-block-cover\"><img loading=\"lazy\" decoding=\"async\" width=\"612\" height=\"408\" class=\"wp-block-cover__image-background wp-image-2584 size-full\" alt=\"\" src=\"https:\/\/svn.schachvereine.de\/wp6\/wp-content\/uploads\/2025\/05\/Schacheroeffnung.jpg\" data-object-fit=\"cover\" srcset=\"https:\/\/svn.schachvereine.de\/wp6\/wp-content\/uploads\/2025\/05\/Schacheroeffnung.jpg 612w, https:\/\/svn.schachvereine.de\/wp6\/wp-content\/uploads\/2025\/05\/Schacheroeffnung-300x200.jpg 300w\" sizes=\"auto, (max-width: 612px) 100vw, 612px\" \/><span aria-hidden=\"true\" class=\"wp-block-cover__background has-background-dim\" style=\"background-color:#94734f\"><\/span><div class=\"wp-block-cover__inner-container is-layout-constrained wp-block-cover-is-layout-constrained\">\n<p class=\"has-text-align-center has-white-color has-text-color has-link-color has-medium-font-size wp-elements-acf78d9fe97a5e15eff2ff3b0fb5b942\"><strong>Mit N\u00fcrtingen und einem zweiten St\u00fctzpunkt in Deizisau, dort werden die Kinder trainiert,<\/strong><\/p>\n\n\n\n<p class=\"has-text-align-center has-white-color has-text-color has-link-color has-large-font-size wp-elements-f5c13cdc631476dafcc246f2e5ccdf10\"> f\u00f6rdert der Schachbezirk Neckar-Fils<\/p>\n\n\n\n<p class=\"has-text-align-center has-white-color has-text-color has-link-color has-large-font-size wp-elements-f8584ac06c165974bd447cc6d580c2c4\">den Nachwuchs im Schachspiel.<\/p>\n\n\n\n<p><\/p>\n<\/div><\/div>\n\n\n\n<p><\/p>\n\n\n\n<p class=\"has-green-color has-text-color has-link-color wp-elements-ef73ae02c4e387c82b1c3b016baf689f\">Hast du Interesse am Talentst\u00fctzpunkt Training teilzunehmen so schreibe einfach eine Mail<strong> <\/strong>an <em><strong>alexander.hande(at)svw.info<\/strong><\/em><br>oder <strong>c<em>k.templin(at)svw.info<\/em><\/strong><\/p>\n\n\n\n<p><\/p>\n","protected":false},"excerpt":{"rendered":"<p>Von Ende September bis Anfang Juli findet circa alle vier Wochen ein Schachtraining im Salemer Hof in N\u00fcrtingen statt. An diesen Samstag Vormittagen trainieren wir von 9:00 bis 13:00 Uhr. Strategie und Taktik Themen wie Entwicklungsvorsprung, Erschaffung und Ausnutzen starker Felder, Angriff auf der 7. und 8. Reihe u.v.m. wurden in der letzten Saison behandelt. &hellip; <a href=\"https:\/\/svn.schachvereine.de\/wp6\/jugendschach\/talentstuetzpunkt-nuertingen\/\" class=\"more-link\"><span class=\"screen-reader-text\">Talentst\u00fctzpunkt N\u00fcrtingen<\/span> weiterlesen <span class=\"meta-nav\">&rarr;<\/span><\/a><\/p>\n","protected":false},"author":2,"featured_media":0,"parent":120,"menu_order":2,"comment_status":"closed","ping_status":"closed","template":"","meta":{"footnotes":""},"class_list":["post-1730","page","type-page","status-publish","hentry"],"_links":{"self":[{"href":"https:\/\/svn.schachvereine.de\/wp6\/wp-json\/wp\/v2\/pages\/1730","targetHints":{"allow":["GET"]}}],"collection":[{"href":"https:\/\/svn.schachvereine.de\/wp6\/wp-json\/wp\/v2\/pages"}],"about":[{"href":"https:\/\/svn.schachvereine.de\/wp6\/wp-json\/wp\/v2\/types\/page"}],"author":[{"embeddable":true,"href":"https:\/\/svn.schachvereine.de\/wp6\/wp-json\/wp\/v2\/users\/2"}],"replies":[{"embeddable":true,"href":"https:\/\/svn.schachvereine.de\/wp6\/wp-json\/wp\/v2\/comments?post=1730"}],"version-history":[{"count":0,"href":"https:\/\/svn.schachvereine.de\/wp6\/wp-json\/wp\/v2\/pages\/1730\/revisions"}],"up":[{"embeddable":true,"href":"https:\/\/svn.schachvereine.de\/wp6\/wp-json\/wp\/v2\/pages\/120"}],"wp:attachment":[{"href":"https:\/\/svn.schachvereine.de\/wp6\/wp-json\/wp\/v2\/media?parent=1730"}],"curies":[{"name":"wp","href":"https:\/\/api.w.org\/{rel}","templated":true}]}}