{"id":23,"date":"2022-08-29T10:22:20","date_gmt":"2022-08-29T08:22:20","guid":{"rendered":"https:\/\/svn.schachvereine.de\/wp6\/?page_id=23"},"modified":"2026-01-27T18:48:49","modified_gmt":"2026-01-27T17:48:49","slug":"kontakt","status":"publish","type":"page","link":"https:\/\/svn.schachvereine.de\/wp6\/ueber-uns\/kontakt\/","title":{"rendered":"Kontakt"},"content":{"rendered":"\n<h5 class=\"wp-block-heading\">Vorsitzender<\/h5>\n\n\n\n<p class=\"has-light-gray-background-color has-background\"><span style=\"color: #0000ff;\">Wolfgang Kudlich<\/span><br><span style=\"color: #0000ff;\">Heimst\u00e4ttenweg 4, 72622 N\u00fcrtingen<\/span><br><span style=\"color: #0000ff;\">07022 39936<\/span><br><span style=\"color: #0000ff;\">wum.kudlich(at)t-online.de<\/span><\/p>\n\n\n\n<h5 class=\"wp-block-heading\">Stellv. Vorsitzender<\/h5>\n\n\n\n<p class=\"has-light-gray-background-color has-background\"><span style=\"color: #0000ff;\">Klaus Templin<\/span><br><span style=\"color: #0000ff;\">Sudetenstr. 24, 72622 N\u00fcrtingen<\/span><br><span style=\"color: #0000ff;\">07022 211751<\/span><br><span style=\"color: #0000ff;\">ck.templin(at)t-online.de<\/span><\/p>\n\n\n\n<h5 class=\"wp-block-heading\">Spielleiter<\/h5>\n\n\n\n<p class=\"has-light-gray-background-color has-background\"><span style=\"color: #0000ff;\">Stefan Auch<\/span><br><span style=\"color: #0000ff;\">Teckstr. 10, 73266 Bissingen<\/span><br><span style=\"color: #0000ff;\">auch.stefan(at)t-online.de<\/span><\/p>\n\n\n\n<h5 class=\"wp-block-heading\">Jugendleiter<\/h5>\n\n\n\n<p class=\"has-light-gray-background-color has-background\"><span style=\"color: #0000ff;\">Christian Friz<\/span><br><span style=\"color: #0000ff;\">Br\u00fcckenstr. 17, 72669 Unterensingen<\/span><br><span style=\"color: #0000ff;\">jugend(at)svnuertingen.onmicrosoft.com<\/span><\/p>\n","protected":false},"excerpt":{"rendered":"<p>Vorsitzender Wolfgang KudlichHeimst\u00e4ttenweg 4, 72622 N\u00fcrtingen07022 39936wum.kudlich(at)t-online.de Stellv. Vorsitzender Klaus TemplinSudetenstr. 24, 72622 N\u00fcrtingen07022 211751ck.templin(at)t-online.de Spielleiter Stefan AuchTeckstr. 10, 73266 Bissingenauch.stefan(at)t-online.de Jugendleiter Christian FrizBr\u00fcckenstr. 17, 72669 Unterensingenjugend(at)svnuertingen.onmicrosoft.com<\/p>\n","protected":false},"author":1,"featured_media":0,"parent":22,"menu_order":1,"comment_status":"closed","ping_status":"closed","template":"","meta":{"footnotes":""},"class_list":["post-23","page","type-page","status-publish","hentry"],"_links":{"self":[{"href":"https:\/\/svn.schachvereine.de\/wp6\/wp-json\/wp\/v2\/pages\/23","targetHints":{"allow":["GET"]}}],"collection":[{"href":"https:\/\/svn.schachvereine.de\/wp6\/wp-json\/wp\/v2\/pages"}],"about":[{"href":"https:\/\/svn.schachvereine.de\/wp6\/wp-json\/wp\/v2\/types\/page"}],"author":[{"embeddable":true,"href":"https:\/\/svn.schachvereine.de\/wp6\/wp-json\/wp\/v2\/users\/1"}],"replies":[{"embeddable":true,"href":"https:\/\/svn.schachvereine.de\/wp6\/wp-json\/wp\/v2\/comments?post=23"}],"version-history":[{"count":0,"href":"https:\/\/svn.schachvereine.de\/wp6\/wp-json\/wp\/v2\/pages\/23\/revisions"}],"up":[{"embeddable":true,"href":"https:\/\/svn.schachvereine.de\/wp6\/wp-json\/wp\/v2\/pages\/22"}],"wp:attachment":[{"href":"https:\/\/svn.schachvereine.de\/wp6\/wp-json\/wp\/v2\/media?parent=23"}],"curies":[{"name":"wp","href":"https:\/\/api.w.org\/{rel}","templated":true}]}}