{"id":263,"date":"2022-08-31T18:28:11","date_gmt":"2022-08-31T16:28:11","guid":{"rendered":"https:\/\/svn.schachvereine.de\/wp6\/?page_id=263"},"modified":"2025-05-14T16:23:19","modified_gmt":"2025-05-14T14:23:19","slug":"cookie-richtlinie","status":"publish","type":"page","link":"https:\/\/svn.schachvereine.de\/wp6\/impressum\/cookie-richtlinie\/","title":{"rendered":"Cookie-Richtlinie"},"content":{"rendered":"<div class=\"cli_pg_page_contaner\">\n<h4>\u00dcber diese Cookie Richtlinie<\/h4>\n<div>\n<p>Diese Cookie-Richtlinie erkl\u00e4rt, was Cookies sind und wie wir sie verwenden, welche Arten von Cookies wir verwenden, d. h. die Informationen, die wir mithilfe von Cookies sammeln und wie diese Informationen verwendet werden, und wie Sie die Cookie- Einstellungen steuern k\u00f6nnen. Weitere Informationen dar\u00fcber, wie wir Ihre personenbezogenen Daten verwenden, speichern und sch\u00fctzen, finden Sie in unserer Datenschutzrichtlinie.<\/p>\n<p>Sie k\u00f6nnen Ihre Einwilligung in die Cookie-Erkl\u00e4rung auf unserer Website jederzeit \u00e4ndern oder widerrufen.<br \/>\nErfahren Sie mehr dar\u00fcber, wer wir sind, wie Sie uns kontaktieren k\u00f6nnen und wie wir personenbezogene Daten verarbeiten, in unserer Datenschutzerkl\u00e4rung.<br \/>\nIhre Einwilligung gilt f\u00fcr folgende Domains: svn.schachvereine.de<\/p>\n<p><strong><div class=\"cli_user_consent_state\">Dein aktueller Status: Keine Einwilligung erteilt. <a class=\"cli_manage_current_consent\" style=\"cursor:pointer;text-decoration:underline;\">Verwalte deine Einwilligung<\/a> <\/div><\/strong><\/p>\n<\/div>\n<h4>Was sind Cookies?<\/h4>\n<div>Cookies sind kleine Textdateien die verwendet werden um kleine Informationsst\u00fccke zu speichern. Sie werden auf Ihrem Ger\u00e4t gespeichert wenn die Website in Ihrem Browser geladen wird. Diese Cookies helfen uns die Website ordnungsgem\u00e4\u00df funktionieren zu lassen, sie sicherer zu machen, eine bessere Benutzererfahrung zu bieten und zu verstehen wie die Website funktioniert, und zu analysieren was funktioniert und wo sie verbessert werden muss.<\/div>\n<h4>Wie verwenden wir Cookies?<\/h4>\n<div>\n<p>Wie die meisten Online-Dienste verwendet unsere Website First-Party- und Third-Party-Cookies f\u00fcr verschiedene Zwecke. Erstanbieter-Cookies sind meist notwendig damit die Website richtig funktioniert und sie sammeln keine Ihrer pers\u00f6nlich identifizierbaren Daten.<\/p>\n<p>Die Cookies von Drittanbietern die auf unserer Website verwendet werden dienen haupts\u00e4chlich dazu, zu verstehen wie die Website funktioniert, wie Sie mit unserer Website interagieren um unsere Dienste sicher zu halten, und alles in allem eine verbesserte Benutzererfahrung zu bieten und Ihre zuk\u00fcnftigen Interaktionen mit unserer Website zu beschleunigen.<\/p>\n<\/div>\n<h4>Welche Arten von Cookies verwenden wir?<\/h4>\n<div>\n<p><strong>Wesentlich:<\/strong> Einige Cookies sind unerl\u00e4sslich, damit Sie die volle Funktionalit\u00e4t unserer Website nutzen k\u00f6nnen. Sie erm\u00f6glichen es uns, Benutzersitzungen aufrechtzuerhalten und Sicherheitsbedrohungen zu verhindern. Sie sammeln oder speichern keine pers\u00f6nlichen Informationen.<\/p>\n<p><strong>Statistiken:<\/strong> Diese Cookies speichern Informationen wie die Anzahl der Besucher der Website, die Anzahl der eindeutigen Besucher, welche Seiten der Website besucht wurden, die Quelle des Besuchs usw. Diese Daten helfen uns zu verstehen und zu analysieren, wie gut die Website funktioniert und wo sie verbessert werden muss.<\/p>\n<p><strong>Funktional:<\/strong> Dies sind die Cookies, die bestimmte nicht wesentliche Funktionen auf unserer Website unterst\u00fctzen. Zu diesen Funktionalit\u00e4ten geh\u00f6ren das Einbetten von Inhalten wie Videos oder das Teilen von Inhalten der Website auf Social-Media-Plattformen.<\/p>\n<p><strong>Pr\u00e4ferenzen:<\/strong> Diese Cookies helfen uns, Ihre Einstellungen und Browsing-Pr\u00e4ferenzen wie Spracheinstellungen zu speichern, damit Sie bei zuk\u00fcnftigen Besuchen der Website eine bessere und effizientere Erfahrung haben.<\/p>\n<p><span style=\"font-size: 20px; font-weight: bold;\">Wie kann ich die Cookie-Einstellungen steuern?<\/span><\/p>\n<\/div>\n<div>\n<p>Sollten Sie sich entscheiden, Ihre Einstellungen sp\u00e4ter w\u00e4hrend Ihrer Browsersitzung zu \u00e4ndern, k\u00f6nnen Sie auf dieser Registerkarte auf &#8222;Verwalte deine Einwilligung&#8220; klicken. Dadurch wird die Einwilligungserkl\u00e4rung erneut angezeigt, sodass Sie Ihre Pr\u00e4ferenzen \u00e4ndern oder Ihre Einwilligung vollst\u00e4ndig widerrufen k\u00f6nnen.<\/p>\n<p>Dar\u00fcber hinaus bieten verschiedene Browser unterschiedliche Methoden zum Blockieren und L\u00f6schen von Cookies, die von Websites verwendet werden. Sie k\u00f6nnen die Einstellungen Ihres Browsers \u00e4ndern, um die Cookies zu blockieren\/l\u00f6schen. Um mehr dar\u00fcber zu erfahren, wie Sie Cookies verwalten und l\u00f6schen k\u00f6nnen, besuchen Sie die Seiten <strong><em>www.wikipedia.org , <\/em><\/strong><strong><em>www.allaboutcookies.org<\/em><\/strong><\/p>\n<\/div>\n<\/div>\n","protected":false},"excerpt":{"rendered":"<p>\u00dcber diese Cookie Richtlinie Diese Cookie-Richtlinie erkl\u00e4rt, was Cookies sind und wie wir sie verwenden, welche Arten von Cookies wir verwenden, d. h. die Informationen, die wir mithilfe von Cookies sammeln und wie diese Informationen verwendet werden, und wie Sie die Cookie- Einstellungen steuern k\u00f6nnen. Weitere Informationen dar\u00fcber, wie wir Ihre personenbezogenen Daten verwenden, speichern &hellip; <a href=\"https:\/\/svn.schachvereine.de\/wp6\/impressum\/cookie-richtlinie\/\" class=\"more-link\"><span class=\"screen-reader-text\">Cookie-Richtlinie<\/span> weiterlesen <span class=\"meta-nav\">&rarr;<\/span><\/a><\/p>\n","protected":false},"author":1,"featured_media":0,"parent":65,"menu_order":2,"comment_status":"closed","ping_status":"closed","template":"","meta":{"footnotes":""},"class_list":["post-263","page","type-page","status-publish","hentry"],"_links":{"self":[{"href":"https:\/\/svn.schachvereine.de\/wp6\/wp-json\/wp\/v2\/pages\/263","targetHints":{"allow":["GET"]}}],"collection":[{"href":"https:\/\/svn.schachvereine.de\/wp6\/wp-json\/wp\/v2\/pages"}],"about":[{"href":"https:\/\/svn.schachvereine.de\/wp6\/wp-json\/wp\/v2\/types\/page"}],"author":[{"embeddable":true,"href":"https:\/\/svn.schachvereine.de\/wp6\/wp-json\/wp\/v2\/users\/1"}],"replies":[{"embeddable":true,"href":"https:\/\/svn.schachvereine.de\/wp6\/wp-json\/wp\/v2\/comments?post=263"}],"version-history":[{"count":0,"href":"https:\/\/svn.schachvereine.de\/wp6\/wp-json\/wp\/v2\/pages\/263\/revisions"}],"up":[{"embeddable":true,"href":"https:\/\/svn.schachvereine.de\/wp6\/wp-json\/wp\/v2\/pages\/65"}],"wp:attachment":[{"href":"https:\/\/svn.schachvereine.de\/wp6\/wp-json\/wp\/v2\/media?parent=263"}],"curies":[{"name":"wp","href":"https:\/\/api.w.org\/{rel}","templated":true}]}}