{"id":2970,"date":"2026-01-27T15:48:12","date_gmt":"2026-01-27T14:48:12","guid":{"rendered":"https:\/\/svn.schachvereine.de\/wp6\/?page_id=2970"},"modified":"2026-04-11T21:15:42","modified_gmt":"2026-04-11T19:15:42","slug":"nuertinger-stadtmeisterschaft-2026","status":"publish","type":"page","link":"https:\/\/svn.schachvereine.de\/wp6\/nuertinger-stadtmeisterschaft-2026\/","title":{"rendered":"N\u00fcrtinger Stadt-Meisterschaft 2026"},"content":{"rendered":"\n<p>Die N\u00fcrtinger Stadtmeisterschaft 2026 geht mit der siebten Runde in zwei Wochen zu Ende. Den Spitzenplatz behauptet nach wie vor Bernhard Weigand mit einem halben Punkt Vorsprung, vor den beiden Verfolgern Abdulhamit G\u00fcndogdu und Friedrich Seibschab. Letztgenannter hat es mit Wei\u00df in der Hand sich im Spitzenduell nach vorne zu bringen. Auch G\u00fcndogdu, der mit den schwarzen Steinen auf Gehringer trifft darf sich noch Chancen auf den Titel ausrechnen, jedoch ben\u00f6tigt er dazu die Sch\u00fctzenhilfe seines jungen Vereinskameraden. Mit Alexander Tscharotschkin und Renato Bajer treffen zwei Spieler mit je vier Punkten aufeinander, die aufgrund einer guten Buchholzwertung noch Aussicht auf den dritten Platz haben.<\/p>\n\n\n\n<p><strong>Wir w\u00fcnschen allen Schachfreunden viel Erfolg bei der entscheidenden letzten Runde am 24. April, wie immer im Salemer Hof.<\/strong><\/p>\n\n\n\n<div class=\"wp-block-file\"><a id=\"wp-block-file--media-7c66f063-ce2e-4fb9-8bb3-d99497164f1a\" href=\"https:\/\/svn.schachvereine.de\/wp6\/wp-content\/uploads\/2026\/01\/NSM2026-Ausschreibung.pdf\">NSM2026-Ausschreibung<\/a><a href=\"https:\/\/svn.schachvereine.de\/wp6\/wp-content\/uploads\/2026\/01\/NSM2026-Ausschreibung.pdf\" class=\"wp-block-file__button wp-element-button\" download aria-describedby=\"wp-block-file--media-7c66f063-ce2e-4fb9-8bb3-d99497164f1a\">Herunterladen<\/a><\/div>\n\n\n\n<hr class=\"wp-block-separator has-alpha-channel-opacity\"\/>\n\n\n\n<div class=\"wp-block-file\"><a id=\"wp-block-file--media-04578139-efd0-4dcb-8267-92e63698c64a\" href=\"https:\/\/svn.schachvereine.de\/wp6\/wp-content\/uploads\/2026\/01\/NSM2026-Teilnehmer.pdf\">NSM2026-Teilnehmer<\/a><a href=\"https:\/\/svn.schachvereine.de\/wp6\/wp-content\/uploads\/2026\/01\/NSM2026-Teilnehmer.pdf\" class=\"wp-block-file__button wp-element-button\" download aria-describedby=\"wp-block-file--media-04578139-efd0-4dcb-8267-92e63698c64a\">Herunterladen<\/a><\/div>\n\n\n\n<hr class=\"wp-block-separator has-alpha-channel-opacity\"\/>\n\n\n\n<div class=\"wp-block-file\"><a id=\"wp-block-file--media-8709c50b-dd6b-45e1-b253-8a0385e45c24\" href=\"https:\/\/svn.schachvereine.de\/wp6\/wp-content\/uploads\/2026\/01\/NSM2026-Runde1.html\">NSM2026-Runde1<\/a><a href=\"https:\/\/svn.schachvereine.de\/wp6\/wp-content\/uploads\/2026\/01\/NSM2026-Runde1.html\" class=\"wp-block-file__button wp-element-button\" download aria-describedby=\"wp-block-file--media-8709c50b-dd6b-45e1-b253-8a0385e45c24\">Herunterladen<\/a><\/div>\n\n\n\n<hr class=\"wp-block-separator has-alpha-channel-opacity\"\/>\n\n\n\n<div class=\"wp-block-file\"><a id=\"wp-block-file--media-8e669a9c-fde6-4280-a1d6-a1e57207a39c\" href=\"https:\/\/svn.schachvereine.de\/wp6\/wp-content\/uploads\/2026\/02\/NSM2026-Runde2.pdf\">NSM2026-Runde2<\/a><a href=\"https:\/\/svn.schachvereine.de\/wp6\/wp-content\/uploads\/2026\/02\/NSM2026-Runde2-1.pdf\" class=\"wp-block-file__button wp-element-button\" download aria-describedby=\"wp-block-file--media-8e669a9c-fde6-4280-a1d6-a1e57207a39c\">Herunterladen<\/a><\/div>\n\n\n\n<hr class=\"wp-block-separator has-alpha-channel-opacity\"\/>\n\n\n\n<div class=\"wp-block-file\"><a id=\"wp-block-file--media-b5911c75-2dcf-4f31-ad06-07233e7e50aa\" href=\"https:\/\/svn.schachvereine.de\/wp6\/wp-content\/uploads\/2026\/02\/NSM2026-Runde3.html\">NSM2026-Runde3<\/a><a href=\"https:\/\/svn.schachvereine.de\/wp6\/wp-content\/uploads\/2026\/02\/NSM2026-Rangliste-R2.pdf\" class=\"wp-block-file__button wp-element-button\" download aria-describedby=\"wp-block-file--media-b5911c75-2dcf-4f31-ad06-07233e7e50aa\">Herunterladen<\/a><\/div>\n\n\n\n<hr class=\"wp-block-separator has-alpha-channel-opacity\"\/>\n\n\n\n<div class=\"wp-block-file\"><a id=\"wp-block-file--media-9b98dae1-53cf-43a8-bcf8-3c07917e539a\" href=\"https:\/\/svn.schachvereine.de\/wp6\/wp-content\/uploads\/2026\/03\/NSM2026-Runde4.html\">NSM2026-Runde4<\/a><a href=\"https:\/\/svn.schachvereine.de\/wp6\/wp-content\/uploads\/2026\/03\/NSM2026-Runde4.html\" class=\"wp-block-file__button wp-element-button\" download aria-describedby=\"wp-block-file--media-9b98dae1-53cf-43a8-bcf8-3c07917e539a\">Herunterladen<\/a><\/div>\n\n\n\n<hr class=\"wp-block-separator has-alpha-channel-opacity\"\/>\n\n\n\n<div class=\"wp-block-file\"><a id=\"wp-block-file--media-6296efa0-0faa-4e37-8975-1778ed52890c\" href=\"https:\/\/svn.schachvereine.de\/wp6\/wp-content\/uploads\/2026\/03\/NSM2026-Runde5.html\">NSM2026-Runde5<\/a><a href=\"https:\/\/svn.schachvereine.de\/wp6\/wp-content\/uploads\/2026\/03\/NSM2026-Runde5.html\" class=\"wp-block-file__button wp-element-button\" download aria-describedby=\"wp-block-file--media-6296efa0-0faa-4e37-8975-1778ed52890c\">Herunterladen<\/a><\/div>\n\n\n\n<hr class=\"wp-block-separator has-alpha-channel-opacity\"\/>\n\n\n\n<div class=\"wp-block-file\"><a id=\"wp-block-file--media-e025e419-19d3-40ff-8173-a5314bc31745\" href=\"https:\/\/svn.schachvereine.de\/wp6\/wp-content\/uploads\/2026\/04\/NSM2026-Runde6.html\">NSM2026-Runde6<\/a><a href=\"https:\/\/svn.schachvereine.de\/wp6\/wp-content\/uploads\/2026\/04\/NSM2026-Runde6.html\" class=\"wp-block-file__button wp-element-button\" download aria-describedby=\"wp-block-file--media-e025e419-19d3-40ff-8173-a5314bc31745\">Herunterladen<\/a><\/div>\n\n\n\n<hr class=\"wp-block-separator has-alpha-channel-opacity\"\/>\n\n\n\n<div class=\"wp-block-file\"><a id=\"wp-block-file--media-1b0d6192-5190-4d9d-98c0-667072e4c182\" href=\"https:\/\/svn.schachvereine.de\/wp6\/wp-content\/uploads\/2026\/04\/NSM2026-Rangliste-R6.html\">NSM2026-Rangliste-R6<\/a><a href=\"https:\/\/svn.schachvereine.de\/wp6\/wp-content\/uploads\/2026\/04\/NSM2026-Rangliste-R6.html\" class=\"wp-block-file__button wp-element-button\" download aria-describedby=\"wp-block-file--media-1b0d6192-5190-4d9d-98c0-667072e4c182\">Herunterladen<\/a><\/div>\n\n\n\n<hr class=\"wp-block-separator has-alpha-channel-opacity\"\/>\n\n\n\n<div class=\"wp-block-file\"><a id=\"wp-block-file--media-8e0b5b68-dd90-455e-a928-a6990087c173\" href=\"https:\/\/svn.schachvereine.de\/wp6\/wp-content\/uploads\/2026\/04\/NSM2026-Runde7.html\">NSM2026-Runde7<\/a><a href=\"https:\/\/svn.schachvereine.de\/wp6\/wp-content\/uploads\/2026\/04\/NSM2026-Runde7.html\" class=\"wp-block-file__button wp-element-button\" download aria-describedby=\"wp-block-file--media-8e0b5b68-dd90-455e-a928-a6990087c173\">Herunterladen<\/a><\/div>\n\n\n\n<hr class=\"wp-block-separator has-alpha-channel-opacity\"\/>\n","protected":false},"excerpt":{"rendered":"<p>Die N\u00fcrtinger Stadtmeisterschaft 2026 geht mit der siebten Runde in zwei Wochen zu Ende. Den Spitzenplatz behauptet nach wie vor Bernhard Weigand mit einem halben Punkt Vorsprung, vor den beiden Verfolgern Abdulhamit G\u00fcndogdu und Friedrich Seibschab. Letztgenannter hat es mit Wei\u00df in der Hand sich im Spitzenduell nach vorne zu bringen. Auch G\u00fcndogdu, der mit &hellip; <a href=\"https:\/\/svn.schachvereine.de\/wp6\/nuertinger-stadtmeisterschaft-2026\/\" class=\"more-link\"><span class=\"screen-reader-text\">N\u00fcrtinger Stadt-Meisterschaft 2026<\/span> weiterlesen <span class=\"meta-nav\">&rarr;<\/span><\/a><\/p>\n","protected":false},"author":2,"featured_media":0,"parent":0,"menu_order":0,"comment_status":"closed","ping_status":"closed","template":"","meta":{"footnotes":""},"class_list":["post-2970","page","type-page","status-publish","hentry"],"_links":{"self":[{"href":"https:\/\/svn.schachvereine.de\/wp6\/wp-json\/wp\/v2\/pages\/2970","targetHints":{"allow":["GET"]}}],"collection":[{"href":"https:\/\/svn.schachvereine.de\/wp6\/wp-json\/wp\/v2\/pages"}],"about":[{"href":"https:\/\/svn.schachvereine.de\/wp6\/wp-json\/wp\/v2\/types\/page"}],"author":[{"embeddable":true,"href":"https:\/\/svn.schachvereine.de\/wp6\/wp-json\/wp\/v2\/users\/2"}],"replies":[{"embeddable":true,"href":"https:\/\/svn.schachvereine.de\/wp6\/wp-json\/wp\/v2\/comments?post=2970"}],"version-history":[{"count":4,"href":"https:\/\/svn.schachvereine.de\/wp6\/wp-json\/wp\/v2\/pages\/2970\/revisions"}],"predecessor-version":[{"id":3265,"href":"https:\/\/svn.schachvereine.de\/wp6\/wp-json\/wp\/v2\/pages\/2970\/revisions\/3265"}],"wp:attachment":[{"href":"https:\/\/svn.schachvereine.de\/wp6\/wp-json\/wp\/v2\/media?parent=2970"}],"curies":[{"name":"wp","href":"https:\/\/api.w.org\/{rel}","templated":true}]}}