{"id":3,"date":"2022-08-27T16:50:48","date_gmt":"2022-08-27T14:50:48","guid":{"rendered":"https:\/\/svn.schachvereine.de\/wp6\/?page_id=3"},"modified":"2025-03-04T21:39:46","modified_gmt":"2025-03-04T20:39:46","slug":"datenschutzerklaerung","status":"publish","type":"page","link":"https:\/\/svn.schachvereine.de\/wp6\/impressum\/datenschutzerklaerung\/","title":{"rendered":"Datenschutzerkl\u00e4rung"},"content":{"rendered":"<h5>1. Allgemeines<\/h5>\n<p>Die Betreiber dieser Seiten nehmen den Schutz Ihrer pers\u00f6nlichen Daten sehr ernst. Wir behandeln Ihre personenbezogenen Daten vertraulich und entsprechend der gesetzlichen Datenschutzvorschriften sowie dieser Datenschutzerkl\u00e4rung.<\/p>\n<h5>2. Verantwortlicher<\/h5>\n<p>Schachverein N\u00fcrtingen 1920 e. V.<br \/>\nVorsitzender Wolfgang Kudlich<br \/>\nHeimst\u00e4ttenweg 4, 72622 N\u00fcrtingen<br \/>\nE-Mail: wum.kudlich(at)t-online.de<\/p>\n<h5>3. Kategorien von Daten sowie Zweck und Rechtsgrundlage der Datenverarbeitung<\/h5>\n<p>Im Rahmen der Nutzung dieses Internetangebots besteht f\u00fcr Sie keine Pflicht, personenbezogenen Daten von Ihnen anzugeben. Sofern Sie mit uns in Kontakt treten, ben\u00f6tigten wir Ihre Daten um Ihre Anfragen zu beantworten.<\/p>\n<p>Wir verarbeiten personenbezogene Daten, die beim Besuch unserer Webseiten erhoben werden im Einklang mit den Bestimmungen der Europ\u00e4ischen Datenschutz-Grundverordnung (DSGVO) und dem Bundesdatenschutzgesetz (BDSG). Je nachdem zu welchem Zweck und auf welche Weise Sie unsere Website nutzen, k\u00f6nnen wir unterschiedliche Daten von Ihnen erheben und verarbeiten.<\/p>\n<h6>Zugriffsdaten\/Server-Logfiles<\/h6>\n<p>Wir erheben und speichern automatisch Informationen \u00fcber jeden Zugriff auf das Angebot (so genannte Serverlogfiles) die ihr Browser automatisch an uns \u00fcbermittelt. Zu den Zugriffsdaten geh\u00f6ren Name der abgerufenen Webseite, Datei, Datum und Uhrzeit des Abrufs, \u00fcbertragene Datenmenge, Meldung \u00fcber erfolgreichen Abruf, Browsertyp nebst Version, das Betriebssystem des Nutzers, Referrer URL (die zuvor besuchte Seite), IP-Adresse und der anfragende Provider.\u00a0 Eine Zusammenf\u00fchrung dieser Daten mit anderen Datenquellen wird nicht vorgenommen.<\/p>\n<p>Wir behalten uns jedoch vor, die Protokolldaten nachtr\u00e4glich zu \u00fcberpr\u00fcfen, wenn aufgrund konkreter Anhaltspunkte der berechtigte Verdacht einer rechtswidrigen Nutzung besteht.<\/p>\n<h6>Spielbetrieb und Wertungszahlen<\/h6>\n<p>Im Rahmen des Spieletriebs werden Mannschaftsaufstellungen, Spielpaarungen, Ergebnisse einschlie\u00dflich ggf. gespielter Schachpartien und Wertungszahlen gespeichert.<\/p>\n<h6>Mitgliederverwaltung<\/h6>\n<p>Zu Zwecken der Mitgliederverwaltung werden folgende Daten unserer Mitglieder gespeichert:<\/p>\n<ul>\n<li>Pers\u00f6nliche Daten (wie Name, Vorname, Geburtsdaten, Geschlecht, Nationalit\u00e4t und FIDE-Daten)<\/li>\n<li>Adressdaten (wie Postanschrift und Telekommunikationsdaten)<\/li>\n<li>Mitgliedschaftsdaten (wie Vereinszugeh\u00f6rigkeit, Spielberechtigung, Funktionen in Verein oder Verband)<\/li>\n<\/ul>\n<h5>4. Widerspruch<\/h5>\n<p>Sie haben das Recht erteilten Einwilligungen mit Wirkung f\u00fcr die Zukunft zu widerrufen. Sie k\u00f6nnen der k\u00fcnftigen Verarbeitung der Sie betreffenden Daten jederzeit widersprechen.<\/p>\n<h5>5. Daten\u00fcbermittlung<\/h5>\n<p>Zu Zwecken der Mitgliederverwaltung und der Verarbeitung von Wertungszahlen werden Ihre Daten an den W\u00fcrttembergischen Schachverband e. V., den Deutschen Schachbund e. V. und den Weltschachbund FIDE weitergegeben. Anlassbezogen k\u00f6nnen auch Daten an Mitgliedsvereine weitergegeben werden.<br \/>\nEine \u00dcbermittlung pers\u00f6nlicher Daten au\u00dferhalb der Schachorganisationen findet nicht statt.<\/p>\n<h5>6. Dauer der Speicherung<\/h5>\n<p>Zugriffsdaten und Serverlogfiles werden in der Regel nach 10 Tagen gel\u00f6scht.<br \/>\nEndet Ihre Zugeh\u00f6rigkeit zum Schachverein N\u00fcrtingen 1920 e. V., so werden Ihre pers\u00f6nlichen Daten gel\u00f6scht, wenn der Verein Sie nicht mehr zur Durchf\u00fchrung des Spielbetriebs ben\u00f6tigt. Davon ist in der Regel nach drei Jahren auszugehen. Gesetzliche Aufbewahrungsfristen sind dar\u00fcber hinaus zu beachten.<\/p>\n<h5>7. Profilbildung und automatisierte Entscheidungsfindung<\/h5>\n<p>Im Rahmen der Nutzung unseres Internetangebotes findet keine Profilbildung oder automatisierte Entscheidungsfindung statt.<\/p>\n<h5>8. Cookies und Webseitenanalyse<\/h5>\n<p>Wir setzen nur Session-Cookies ein die mit dem Schlie\u00dfen des Browsers automatisch gel\u00f6scht werden und analysieren Ihr Nutzungsverhalten unseres Internetauftritts nicht.<\/p>\n<h5>9. Verschl\u00fcsselung Ihrer Daten<\/h5>\n<p>Alle Angaben, die in unserem Portal erfolgen, werden sicher \u00fcbermittelt. Wir verwenden hierzu ein \u00dcbertragungsverfahren, das auf dem SSL (Secure Socket Layer)-Protokoll basiert. Durch den Einsatz des SSL-Protokolls werden pers\u00f6nliche Daten zwischen Ihrem Browser und svn.schachvereine.de verschl\u00fcsselt \u00fcbertragen. Um eine sichere Verbindung aufzubauen verwenden wir das HTTPS-Protokoll. Dieses ist vor fremden Zugriffen gesichert.<\/p>\n<h5>10. Haftungsausschluss<\/h5>\n<p>Die Informationen die wir Ihnen anbieten sind eine reine Serviceleistung unsererseits. Auch wenn wir davon ausgehen, dass unsere Informationen zutreffend sind, k\u00f6nnen Sie dennoch Fehler und Ungenauigkeiten enthalten. Wir \u00fcbernehmen trotz sorgf\u00e4ltiger Beschaffung und Bereitstellung keine Gew\u00e4hr f\u00fcr die Aktualit\u00e4t, Richtigkeit und Vollst\u00e4ndigkeit der zum Abruf bereitgehaltenen und sonstigen zug\u00e4nglichen Inhalten. Sie dienen ausschlie\u00dflich Ihrer Information.<\/p>\n<p>Wir haften daher nicht f\u00fcr direkte oder indirekte Sch\u00e4den, die einem Nutzer durch die Inanspruchnahme des Informations- und Funktionsangebotes dieser Website entstehen. Dies gilt insbesondere f\u00fcr ausgewiesene Links zu anderen Websites, auf die wir keinen Einfluss haben und f\u00fcr deren Inhalt wir keine Verantwortung tragen.<\/p>\n","protected":false},"excerpt":{"rendered":"<p>1. Allgemeines Die Betreiber dieser Seiten nehmen den Schutz Ihrer pers\u00f6nlichen Daten sehr ernst. Wir behandeln Ihre personenbezogenen Daten vertraulich und entsprechend der gesetzlichen Datenschutzvorschriften sowie dieser Datenschutzerkl\u00e4rung. 2. Verantwortlicher Schachverein N\u00fcrtingen 1920 e. V. Vorsitzender Wolfgang Kudlich Heimst\u00e4ttenweg 4, 72622 N\u00fcrtingen E-Mail: wum.kudlich(at)t-online.de 3. Kategorien von Daten sowie Zweck und Rechtsgrundlage der Datenverarbeitung Im &hellip; <a href=\"https:\/\/svn.schachvereine.de\/wp6\/impressum\/datenschutzerklaerung\/\" class=\"more-link\"><span class=\"screen-reader-text\">Datenschutzerkl\u00e4rung<\/span> weiterlesen <span class=\"meta-nav\">&rarr;<\/span><\/a><\/p>\n","protected":false},"author":1,"featured_media":0,"parent":65,"menu_order":1,"comment_status":"closed","ping_status":"closed","template":"","meta":{"footnotes":""},"class_list":["post-3","page","type-page","status-publish","hentry"],"_links":{"self":[{"href":"https:\/\/svn.schachvereine.de\/wp6\/wp-json\/wp\/v2\/pages\/3","targetHints":{"allow":["GET"]}}],"collection":[{"href":"https:\/\/svn.schachvereine.de\/wp6\/wp-json\/wp\/v2\/pages"}],"about":[{"href":"https:\/\/svn.schachvereine.de\/wp6\/wp-json\/wp\/v2\/types\/page"}],"author":[{"embeddable":true,"href":"https:\/\/svn.schachvereine.de\/wp6\/wp-json\/wp\/v2\/users\/1"}],"replies":[{"embeddable":true,"href":"https:\/\/svn.schachvereine.de\/wp6\/wp-json\/wp\/v2\/comments?post=3"}],"version-history":[{"count":0,"href":"https:\/\/svn.schachvereine.de\/wp6\/wp-json\/wp\/v2\/pages\/3\/revisions"}],"up":[{"embeddable":true,"href":"https:\/\/svn.schachvereine.de\/wp6\/wp-json\/wp\/v2\/pages\/65"}],"wp:attachment":[{"href":"https:\/\/svn.schachvereine.de\/wp6\/wp-json\/wp\/v2\/media?parent=3"}],"curies":[{"name":"wp","href":"https:\/\/api.w.org\/{rel}","templated":true}]}}