{"id":313,"date":"2022-09-02T17:47:08","date_gmt":"2022-09-02T15:47:08","guid":{"rendered":"https:\/\/svn.schachvereine.de\/wp6\/?page_id=313"},"modified":"2026-03-19T10:23:49","modified_gmt":"2026-03-19T09:23:49","slug":"jugendtraining","status":"publish","type":"page","link":"https:\/\/svn.schachvereine.de\/wp6\/jugendschach\/jugendtraining\/","title":{"rendered":"Jugendtraining"},"content":{"rendered":"\n<h4 class=\"wp-block-heading has-text-color has-link-color wp-elements-17376460dcfbda377668ae28fabf7927\" style=\"color:#1b1ed1\">Pr\u00e4senztraining in N\u00fcrtingen<\/h4>\n\n\n\n<p>Wir trainieren nach der Stappenmethode von Cor van Wijgerden. Diese ist in sechs Stufen unterteilt und wir behandeln pro Schachsaison von September bis Juni jeweils ein Heft. Da die Themen der Stufen 3-6 dann komplexer werden lassen wir uns daf\u00fcr mehr Zeit.<\/p>\n\n\n\n<div class=\"wp-block-cover is-light\" style=\"min-height:454px;aspect-ratio:unset;\"><img loading=\"lazy\" decoding=\"async\" width=\"427\" height=\"600\" class=\"wp-block-cover__image-background wp-image-2224\" alt=\"\" src=\"https:\/\/svn.schachvereine.de\/wp6\/wp-content\/uploads\/2025\/02\/Stappen-Stufe3.jpg\" data-object-fit=\"cover\" srcset=\"https:\/\/svn.schachvereine.de\/wp6\/wp-content\/uploads\/2025\/02\/Stappen-Stufe3.jpg 427w, https:\/\/svn.schachvereine.de\/wp6\/wp-content\/uploads\/2025\/02\/Stappen-Stufe3-214x300.jpg 214w\" sizes=\"auto, (max-width: 427px) 100vw, 427px\" \/><span aria-hidden=\"true\" class=\"wp-block-cover__background has-background-dim\" style=\"background-color:#bbb3b9\"><\/span><div class=\"wp-block-cover__inner-container is-layout-constrained wp-block-cover-is-layout-constrained\">\n<p class=\"has-text-align-center has-text-color has-link-color has-x-large-font-size wp-elements-b7b23f11de51568ad3f7bc647efabfbd\" style=\"color:#1b1ed1\"><strong>Pro Schachsaison <\/strong><\/p>\n\n\n\n<p class=\"has-text-align-center has-text-color has-link-color has-x-large-font-size wp-elements-4830a534450792d6e08ad2d7d6f2b3a8\" style=\"color:#1b1ed1\"><strong>behandeln wir <\/strong><\/p>\n\n\n\n<p class=\"has-text-align-center has-text-color has-link-color has-x-large-font-size wp-elements-0e66624adba7b19021958032b66105b8\" style=\"color:#1b1ed1\"><strong>jeweils ein Heft<\/strong><\/p>\n<\/div><\/div>\n\n\n\n<h5 class=\"wp-block-heading has-black-color has-text-color has-link-color wp-elements-a04f2320192ce53e5e405013ab884fba\">Erfahrene Trainer und Spieler leiten die Gruppen f\u00fcr Kinder und Jugendliche an.<\/h5>\n\n\n\n<p>Neben den \u00dcbungen im Stappen-Heft schauen wir dar\u00fcber hinaus ab und zu aus unserer Mediathek ein Video zur Schacher\u00f6ffnung an, oder verwenden die Lektionen der chess-tigers Universit\u00e4t. Analysen der gespielten Partien runden das Training ab.<\/p>\n\n\n\n<figure class=\"wp-block-image size-full\"><img loading=\"lazy\" decoding=\"async\" width=\"1920\" height=\"2560\" src=\"https:\/\/svn.schachvereine.de\/wp6\/wp-content\/uploads\/2025\/06\/Schach2-scaled.jpg\" alt=\"\" class=\"wp-image-2625\" srcset=\"https:\/\/svn.schachvereine.de\/wp6\/wp-content\/uploads\/2025\/06\/Schach2-scaled.jpg 1920w, https:\/\/svn.schachvereine.de\/wp6\/wp-content\/uploads\/2025\/06\/Schach2-225x300.jpg 225w, https:\/\/svn.schachvereine.de\/wp6\/wp-content\/uploads\/2025\/06\/Schach2-768x1024.jpg 768w, https:\/\/svn.schachvereine.de\/wp6\/wp-content\/uploads\/2025\/06\/Schach2-1152x1536.jpg 1152w, https:\/\/svn.schachvereine.de\/wp6\/wp-content\/uploads\/2025\/06\/Schach2-1536x2048.jpg 1536w\" sizes=\"auto, (max-width: 1920px) 100vw, 1920px\" \/><\/figure>\n\n\n\n<hr class=\"wp-block-separator has-alpha-channel-opacity\"\/>\n\n\n\n<h4 class=\"wp-block-heading has-text-color has-link-color wp-elements-48713689d65080166773a8342a6974ea\" style=\"color:#1b1ed1\">Online Training der Talentst\u00fctzpunkte<\/h4>\n\n\n\n<p>Die Talentst\u00fctzpunkte der Schachbezirke Stuttgart, Neckar-Fils und Unterland haben sich im Jahr 2020 zusammen geschlossen um allen Kindern, die nicht in Pr\u00e4senz im Verein trainieren konnten ein online-Angebot zu machen:<\/p>\n\n\n\n<ul class=\"wp-block-list\">\n<li><strong>Donnestag 17:00-18:40 Uhr f\u00fcr Kinder U12<\/strong><\/li>\n\n\n\n<li><strong>Montag 18:00-19:30 Uhr f\u00fcr Jugendliche U14 bis U18<\/strong><\/li>\n<\/ul>\n\n\n\n<p>Die Teilnehmer, von Schachanf\u00e4ngern \u00fcber Fortgeschrittene bis hin zu jugendlichen Turnierspielern werden dabei nach Spielst\u00e4rke in verschiedene Gruppen eingeteilt. Erfahrene B- und C-Trainer aus den Schachbezirken \u00fcbernehmen dann die Trainingsgruppe f\u00fcr anderthalb&nbsp; Stunden. Neben der kontinuierlichen Verbesserung und Vertiefung der Schachtaktik werden positionelle und strategische Themen altersgerecht behandelt. Auch das Endspieltraining kommt dabei nicht zu kurz.<\/p>\n\n\n\n<p class=\"has-green-color has-text-color has-link-color wp-elements-2a1eda68967eaeba6254a534c35759ec\">M\u00f6chtest du das Angebot wahrnehmen, dann sende eine Mail mit deinen Kontaktdaten und deiner Spielst\u00e4rke an<br><strong><em>dkm24(at)gmx.de<\/em><\/strong><\/p>\n\n\n\n<p><\/p>\n","protected":false},"excerpt":{"rendered":"<p>Pr\u00e4senztraining in N\u00fcrtingen Wir trainieren nach der Stappenmethode von Cor van Wijgerden. Diese ist in sechs Stufen unterteilt und wir behandeln pro Schachsaison von September bis Juni jeweils ein Heft. Da die Themen der Stufen 3-6 dann komplexer werden lassen wir uns daf\u00fcr mehr Zeit. Erfahrene Trainer und Spieler leiten die Gruppen f\u00fcr Kinder und &hellip; <a href=\"https:\/\/svn.schachvereine.de\/wp6\/jugendschach\/jugendtraining\/\" class=\"more-link\"><span class=\"screen-reader-text\">Jugendtraining<\/span> weiterlesen <span class=\"meta-nav\">&rarr;<\/span><\/a><\/p>\n","protected":false},"author":2,"featured_media":0,"parent":120,"menu_order":1,"comment_status":"closed","ping_status":"closed","template":"","meta":{"footnotes":""},"class_list":["post-313","page","type-page","status-publish","hentry"],"_links":{"self":[{"href":"https:\/\/svn.schachvereine.de\/wp6\/wp-json\/wp\/v2\/pages\/313","targetHints":{"allow":["GET"]}}],"collection":[{"href":"https:\/\/svn.schachvereine.de\/wp6\/wp-json\/wp\/v2\/pages"}],"about":[{"href":"https:\/\/svn.schachvereine.de\/wp6\/wp-json\/wp\/v2\/types\/page"}],"author":[{"embeddable":true,"href":"https:\/\/svn.schachvereine.de\/wp6\/wp-json\/wp\/v2\/users\/2"}],"replies":[{"embeddable":true,"href":"https:\/\/svn.schachvereine.de\/wp6\/wp-json\/wp\/v2\/comments?post=313"}],"version-history":[{"count":0,"href":"https:\/\/svn.schachvereine.de\/wp6\/wp-json\/wp\/v2\/pages\/313\/revisions"}],"up":[{"embeddable":true,"href":"https:\/\/svn.schachvereine.de\/wp6\/wp-json\/wp\/v2\/pages\/120"}],"wp:attachment":[{"href":"https:\/\/svn.schachvereine.de\/wp6\/wp-json\/wp\/v2\/media?parent=313"}],"curies":[{"name":"wp","href":"https:\/\/api.w.org\/{rel}","templated":true}]}}