{"id":406,"date":"2022-09-07T10:31:14","date_gmt":"2022-09-07T08:31:14","guid":{"rendered":"https:\/\/svn.schachvereine.de\/wp6\/?page_id=406"},"modified":"2026-01-27T18:29:17","modified_gmt":"2026-01-27T17:29:17","slug":"schulschach","status":"publish","type":"page","link":"https:\/\/svn.schachvereine.de\/wp6\/jugendschach\/schulschach\/","title":{"rendered":"Schulschach"},"content":{"rendered":"\n<blockquote class=\"wp-block-quote is-layout-flow wp-block-quote-is-layout-flow\">\n<h2 class=\"wp-block-heading has-text-color has-link-color wp-elements-96905e204dae8d9928de9cc9d5d9b4ca\" style=\"color:#1b1ed1\"><em><strong>N\u00fcrtinger Schulschach mit langer Tradition<\/strong><\/em><\/h2>\n<\/blockquote>\n\n\n\n<p>Angefangen in der Schule in Unterensingen etablierte sich danach eine Schach-AG am Max-Planck-Gymnasium, die eine lange Zeit bestand. \u00dcber das H\u00f6lderlin-Gymnasium, in der mehrmals eine Sch\u00fcler-Meisterschaft ausgetragen wurde ging der Weg auch nach Frickenhausen. An der dortigen Gesamtschule wurde eine neue Schach-AG gegr\u00fcndet und \u00fcber mehrere Jahre betreut.<\/p>\n\n\n\n<h6 class=\"wp-block-heading has-text-color has-link-color wp-elements-83c2f03d6a5de2382a398a215f418b27\" style=\"color:#1b1ed1\"><strong>Begleitet werden die AG&#8217;s von erfahrenen Trainern des SVN.<\/strong><\/h6>\n\n\n\n<p><\/p>\n\n\n<div class=\"wp-block-image\">\n<figure class=\"aligncenter size-full\"><img loading=\"lazy\" decoding=\"async\" width=\"825\" height=\"474\" src=\"https:\/\/svn.schachvereine.de\/wp6\/wp-content\/uploads\/2025\/02\/Licht-auf.jpg\" alt=\"\" class=\"wp-image-2214\" srcset=\"https:\/\/svn.schachvereine.de\/wp6\/wp-content\/uploads\/2025\/02\/Licht-auf.jpg 825w, https:\/\/svn.schachvereine.de\/wp6\/wp-content\/uploads\/2025\/02\/Licht-auf-300x172.jpg 300w, https:\/\/svn.schachvereine.de\/wp6\/wp-content\/uploads\/2025\/02\/Licht-auf-768x441.jpg 768w\" sizes=\"auto, (max-width: 825px) 100vw, 825px\" \/><\/figure>\n<\/div>\n\n\n<h5 class=\"wp-block-heading has-text-align-center has-text-color has-link-color wp-elements-96e81ac8e43429251a6843ee79633657\" style=\"color:#e16a15\"><em>&#8222;Zug um Zug &#8211; Schach macht klug!&#8220;<\/em><\/h5>\n\n\n\n<p>Im Oktober 2021, unter dem Motto &#8222;Zug um Zug &#8211; Schach macht klug!&#8220;, sind je eine neue Schach-AG an der Grundschule Frickenhausen sowie in der Braike-Grundschule in N\u00fcrtingen f\u00fcr Kinder ohne Vorkenntnisse gestartet. Nach gut einem dreiviertel Jahr wurden mit den Siegerehrungen im AG-Turnier der Abschluss kurz vor den Pfingstferien gefeiert.<\/p>\n\n\n<div class=\"wp-block-image\">\n<figure class=\"aligncenter size-large\"><img loading=\"lazy\" decoding=\"async\" width=\"1024\" height=\"768\" src=\"https:\/\/svn.schachvereine.de\/wp6\/wp-content\/uploads\/2022\/09\/2022-SchachAG-FR-1024x768.jpg\" alt=\"\" class=\"wp-image-364\" srcset=\"https:\/\/svn.schachvereine.de\/wp6\/wp-content\/uploads\/2022\/09\/2022-SchachAG-FR-1024x768.jpg 1024w, https:\/\/svn.schachvereine.de\/wp6\/wp-content\/uploads\/2022\/09\/2022-SchachAG-FR-300x225.jpg 300w, https:\/\/svn.schachvereine.de\/wp6\/wp-content\/uploads\/2022\/09\/2022-SchachAG-FR-768x576.jpg 768w, https:\/\/svn.schachvereine.de\/wp6\/wp-content\/uploads\/2022\/09\/2022-SchachAG-FR-1536x1152.jpg 1536w, https:\/\/svn.schachvereine.de\/wp6\/wp-content\/uploads\/2022\/09\/2022-SchachAG-FR.jpg 1672w\" sizes=\"auto, (max-width: 1024px) 100vw, 1024px\" \/><\/figure>\n<\/div>\n\n\n<p><em>Foto: Klaus Templin<\/em>, Grundschule an der GMS Frickenhausen<\/p>\n\n\n\n<h2 class=\"wp-block-heading has-text-color has-link-color wp-elements-45c1dd7a4d8e5d0a8ba6e8876437277e\" style=\"color:#1b1ed1\">Schach-AG am MPG und H\u00d6GY<\/h2>\n\n\n\n<p>In N\u00fcrtingen laufen derzeit zwei AG&#8217;s, eine am Max-Planck-Gymnasium sowie eine am H\u00f6lderlin-Gymnasium. Diese werden von Sch\u00fclerinnen und Sch\u00fclern betreut, die auch Mitglied im Schachverein N\u00fcrtingen sind.<\/p>\n\n\n\n<hr class=\"wp-block-separator has-alpha-channel-opacity\"\/>\n\n\n\n<p class=\"has-text-color has-link-color wp-elements-df2514bc09d17254a90d0d7760618bac\" style=\"color:#e16a15\">Wissenschaftliche Studien belegen die positiven Auswirkungen des Schachspiel auch auf die schulischen Leistungen.<\/p>\n\n\n\n<h4 class=\"wp-block-heading\">Das Schachspiel<\/h4>\n\n\n\n<ul class=\"wp-block-list\">\n<li>stimuliert nachhaltig die psychische Entwicklung der Kinder<\/li>\n\n\n\n<li>f\u00f6rdert die geistige Konzentration und Ausdauer<\/li>\n\n\n\n<li>tr\u00e4gt zu unabh\u00e4ngigen sch\u00f6pferischen und kritischen Denken bei<\/li>\n\n\n\n<li>hilft Entscheidung zu treffen und Verantwortung zu \u00fcbernehmen<\/li>\n<\/ul>\n\n\n\n<h4 class=\"wp-block-heading\">Quellen<\/h4>\n\n\n\n<ul class=\"wp-block-list\">\n<li><a href=\"https:\/\/www.schachbund.de\/news\/vorteile-durch-schach-fuer-jugendliche-warum.html\">https:\/\/www.schachbund.de\/news\/vorteile-durch-schach-fuer-jugendliche-warum.html<\/a><\/li>\n\n\n\n<li><a href=\"https:\/\/gkl-bw.de\/ueber-uns\/wissenschaftliche-untersuchungen\/\">https:\/\/gkl-bw.de\/ueber-uns\/wissenschaftliche-untersuchungen\/<\/a><\/li>\n<\/ul>\n","protected":false},"excerpt":{"rendered":"<p>N\u00fcrtinger Schulschach mit langer Tradition Angefangen in der Schule in Unterensingen etablierte sich danach eine Schach-AG am Max-Planck-Gymnasium, die eine lange Zeit bestand. \u00dcber das H\u00f6lderlin-Gymnasium, in der mehrmals eine Sch\u00fcler-Meisterschaft ausgetragen wurde ging der Weg auch nach Frickenhausen. An der dortigen Gesamtschule wurde eine neue Schach-AG gegr\u00fcndet und \u00fcber mehrere Jahre betreut. Begleitet werden &hellip; <a href=\"https:\/\/svn.schachvereine.de\/wp6\/jugendschach\/schulschach\/\" class=\"more-link\"><span class=\"screen-reader-text\">Schulschach<\/span> weiterlesen <span class=\"meta-nav\">&rarr;<\/span><\/a><\/p>\n","protected":false},"author":2,"featured_media":0,"parent":120,"menu_order":3,"comment_status":"closed","ping_status":"closed","template":"","meta":{"footnotes":""},"class_list":["post-406","page","type-page","status-publish","hentry"],"_links":{"self":[{"href":"https:\/\/svn.schachvereine.de\/wp6\/wp-json\/wp\/v2\/pages\/406","targetHints":{"allow":["GET"]}}],"collection":[{"href":"https:\/\/svn.schachvereine.de\/wp6\/wp-json\/wp\/v2\/pages"}],"about":[{"href":"https:\/\/svn.schachvereine.de\/wp6\/wp-json\/wp\/v2\/types\/page"}],"author":[{"embeddable":true,"href":"https:\/\/svn.schachvereine.de\/wp6\/wp-json\/wp\/v2\/users\/2"}],"replies":[{"embeddable":true,"href":"https:\/\/svn.schachvereine.de\/wp6\/wp-json\/wp\/v2\/comments?post=406"}],"version-history":[{"count":0,"href":"https:\/\/svn.schachvereine.de\/wp6\/wp-json\/wp\/v2\/pages\/406\/revisions"}],"up":[{"embeddable":true,"href":"https:\/\/svn.schachvereine.de\/wp6\/wp-json\/wp\/v2\/pages\/120"}],"wp:attachment":[{"href":"https:\/\/svn.schachvereine.de\/wp6\/wp-json\/wp\/v2\/media?parent=406"}],"curies":[{"name":"wp","href":"https:\/\/api.w.org\/{rel}","templated":true}]}}