{"id":409,"date":"2022-09-07T10:36:04","date_gmt":"2022-09-07T08:36:04","guid":{"rendered":"https:\/\/svn.schachvereine.de\/wp6\/?page_id=409"},"modified":"2026-01-27T18:58:08","modified_gmt":"2026-01-27T17:58:08","slug":"training","status":"publish","type":"page","link":"https:\/\/svn.schachvereine.de\/wp6\/training\/","title":{"rendered":"Training"},"content":{"rendered":"\n<h3 class=\"wp-block-heading\">Das Schach-Caf\u00e9<\/h3>\n\n\n\n<div class=\"wp-block-media-text is-stacked-on-mobile\"><figure class=\"wp-block-media-text__media\"><img loading=\"lazy\" decoding=\"async\" width=\"1024\" height=\"683\" src=\"https:\/\/svn.schachvereine.de\/wp6\/wp-content\/uploads\/2025\/02\/Cafe-1024x683.jpg\" alt=\"\" class=\"wp-image-2123 size-full\" srcset=\"https:\/\/svn.schachvereine.de\/wp6\/wp-content\/uploads\/2025\/02\/Cafe-1024x683.jpg 1024w, https:\/\/svn.schachvereine.de\/wp6\/wp-content\/uploads\/2025\/02\/Cafe-300x200.jpg 300w, https:\/\/svn.schachvereine.de\/wp6\/wp-content\/uploads\/2025\/02\/Cafe-768x512.jpg 768w, https:\/\/svn.schachvereine.de\/wp6\/wp-content\/uploads\/2025\/02\/Cafe-1536x1024.jpg 1536w, https:\/\/svn.schachvereine.de\/wp6\/wp-content\/uploads\/2025\/02\/Cafe-2048x1365.jpg 2048w\" sizes=\"auto, (max-width: 1024px) 100vw, 1024px\" \/><\/figure><div class=\"wp-block-media-text__content\">\n<p class=\"has-green-color has-text-color has-link-color wp-elements-d84cdf0d1129d1865145a03471624ecc\"><em><em>Mach einfach mal Pause &#8211; wann das n\u00e4chste Schach-Caf\u00e9 angeboten wird findest du in SCHACH TERMINE<\/em><\/em>.<\/p>\n<\/div><\/div>\n\n\n\n<p>Kommt vorbei, bringt Neugier und Freude am Schachspiel mit, es erwartet dich wie immer eine gem\u00fctliche Atmosph\u00e4re bei Kaffee, Tee und Kuchen.<\/p>\n\n\n\n<p>Deine Fragen werden ebenso behandelt, wie Gro\u00dfmeister Partien &#8211; zumal auch von Weltmeistern, Er\u00f6ffnungen, Endspiele, Schachr\u00e4tsel u.v.m. Zielgruppe ist die mittlere Vereinsspielst\u00e4rke, um DWZ 1500.&nbsp; \u00c4ltere Jugendliche und Erwachsene sind gleicherma\u00dfen herzlich eingeladen daran teilzunehmen.<\/p>\n\n\n\n<p>Den Ablauf gestalten das Trainer-Duo Klaus und Stefan.<\/p>\n\n\n\n<p>Der Rahmen bietet eine wunderbare Gelegenheit auch f\u00fcr passive Mitglieder nach l\u00e4ngerer Abwesenheit mal wieder bei uns vorbeizuschauen.<\/p>\n\n\n\n<hr class=\"wp-block-separator has-alpha-channel-opacity\"\/>\n\n\n\n<h3 class=\"wp-block-heading\">Gro\u00dfmeister Training<\/h3>\n\n\n\n<p>Sporadisch bieten wir weitere Sessions an, bspw. war GM Zigurds Lanka schon ein paar Mal zu einem Schachvortrag in unseren R\u00e4umlichkeiten.<\/p>\n\n\n\n<h3 class=\"wp-block-heading\">Mediathek<\/h3>\n\n\n\n<p>Allen Vereinsmitgliedern steht unsere kostenfreie <a href=\"https:\/\/svn.schachvereine.de\/wp6\/spielbetrieb\/mediathek\/\">Mediathek<\/a> zur Verf\u00fcgung.<\/p>\n","protected":false},"excerpt":{"rendered":"<p>Das Schach-Caf\u00e9 Mach einfach mal Pause &#8211; wann das n\u00e4chste Schach-Caf\u00e9 angeboten wird findest du in SCHACH TERMINE. Kommt vorbei, bringt Neugier und Freude am Schachspiel mit, es erwartet dich wie immer eine gem\u00fctliche Atmosph\u00e4re bei Kaffee, Tee und Kuchen. Deine Fragen werden ebenso behandelt, wie Gro\u00dfmeister Partien &#8211; zumal auch von Weltmeistern, Er\u00f6ffnungen, Endspiele, &hellip; <a href=\"https:\/\/svn.schachvereine.de\/wp6\/training\/\" class=\"more-link\"><span class=\"screen-reader-text\">Training<\/span> weiterlesen <span class=\"meta-nav\">&rarr;<\/span><\/a><\/p>\n","protected":false},"author":2,"featured_media":0,"parent":0,"menu_order":0,"comment_status":"closed","ping_status":"closed","template":"","meta":{"footnotes":""},"class_list":["post-409","page","type-page","status-publish","hentry"],"_links":{"self":[{"href":"https:\/\/svn.schachvereine.de\/wp6\/wp-json\/wp\/v2\/pages\/409","targetHints":{"allow":["GET"]}}],"collection":[{"href":"https:\/\/svn.schachvereine.de\/wp6\/wp-json\/wp\/v2\/pages"}],"about":[{"href":"https:\/\/svn.schachvereine.de\/wp6\/wp-json\/wp\/v2\/types\/page"}],"author":[{"embeddable":true,"href":"https:\/\/svn.schachvereine.de\/wp6\/wp-json\/wp\/v2\/users\/2"}],"replies":[{"embeddable":true,"href":"https:\/\/svn.schachvereine.de\/wp6\/wp-json\/wp\/v2\/comments?post=409"}],"version-history":[{"count":0,"href":"https:\/\/svn.schachvereine.de\/wp6\/wp-json\/wp\/v2\/pages\/409\/revisions"}],"wp:attachment":[{"href":"https:\/\/svn.schachvereine.de\/wp6\/wp-json\/wp\/v2\/media?parent=409"}],"curies":[{"name":"wp","href":"https:\/\/api.w.org\/{rel}","templated":true}]}}