{"id":410,"date":"2022-09-07T10:36:40","date_gmt":"2022-09-07T08:36:40","guid":{"rendered":"https:\/\/svn.schachvereine.de\/wp6\/?page_id=410"},"modified":"2026-01-27T19:00:06","modified_gmt":"2026-01-27T18:00:06","slug":"mediathek","status":"publish","type":"page","link":"https:\/\/svn.schachvereine.de\/wp6\/training\/mediathek\/","title":{"rendered":"Mediathek"},"content":{"rendered":"\n<h6 class=\"wp-block-heading has-text-color has-link-color wp-elements-c2068fbc41ca3bd66e5e0c6bbaa44a98\" style=\"color:#1b1ed1\">Unser digitales Material steht jedem Vereinsmitglied zur Verf\u00fcgung. Einzige Voraussetzung ist ein PC\/Notebook und ein DVD-Laufwerk.<\/h6>\n\n\n\n<div class=\"wp-block-media-text is-stacked-on-mobile\"><figure class=\"wp-block-media-text__media\"><img loading=\"lazy\" decoding=\"async\" width=\"1024\" height=\"512\" src=\"https:\/\/svn.schachvereine.de\/wp6\/wp-content\/uploads\/2025\/02\/Speicher-1024x512.jpg\" alt=\"\" class=\"wp-image-2135 size-full\" srcset=\"https:\/\/svn.schachvereine.de\/wp6\/wp-content\/uploads\/2025\/02\/Speicher-1024x512.jpg 1024w, https:\/\/svn.schachvereine.de\/wp6\/wp-content\/uploads\/2025\/02\/Speicher-300x150.jpg 300w, https:\/\/svn.schachvereine.de\/wp6\/wp-content\/uploads\/2025\/02\/Speicher-768x384.jpg 768w, https:\/\/svn.schachvereine.de\/wp6\/wp-content\/uploads\/2025\/02\/Speicher.jpg 1460w\" sizes=\"auto, (max-width: 1024px) 100vw, 1024px\" \/><\/figure><div class=\"wp-block-media-text__content\">\n<p><em>Hast du ein Notebook oder Tablet ohne externes Laufwerk dann finden wir einen anderen Weg dir das Material zu geben!<\/em><\/p>\n<\/div><\/div>\n\n\n\n<p><\/p>\n\n\n\n<p>Die Varianten und Abspiele aller Er\u00f6ffnungen werden von verschiedenen Internationalen Meistern und Gro\u00dfmeistern erl\u00e4utert und reichen bis zu einer Spielst\u00e4rke von etwa DWZ 1800-1900.<br>Einige Datentr\u00e4ger der Powerplay-Serie sollen helfen das Mittelspiel besser zu verstehen und zu behandeln. F\u00fcr das Taktiktraining gibt es drei Werke von IM Martin Breutigam.<\/p>\n\n\n\n<p>Das Endspiel darf nat\u00fcrlich nicht fehlen, denn nicht immer besiegt man einen guten Gegner durch den direkten K\u00f6nigsangriff wie GM Daniel King feststellt. Hier sind die B\u00e4nde f\u00fcnf bis acht von GM Karten M\u00fcller eine Klasse f\u00fcr sich, in denen die letzte Partiephase aus gespielten Partien behandelt wird. F\u00fcr die Besch\u00e4ftigung mit den technischen Grundlagen sind auch die B\u00e4nde eins bis vier vorhanden.<\/p>\n\n\n<div class=\"wp-block-image\">\n<figure class=\"aligncenter size-full\"><img loading=\"lazy\" decoding=\"async\" width=\"960\" height=\"324\" src=\"https:\/\/svn.schachvereine.de\/wp6\/wp-content\/uploads\/2025\/02\/Mediathek.jpg\" alt=\"\" class=\"wp-image-2127\" srcset=\"https:\/\/svn.schachvereine.de\/wp6\/wp-content\/uploads\/2025\/02\/Mediathek.jpg 960w, https:\/\/svn.schachvereine.de\/wp6\/wp-content\/uploads\/2025\/02\/Mediathek-300x101.jpg 300w, https:\/\/svn.schachvereine.de\/wp6\/wp-content\/uploads\/2025\/02\/Mediathek-768x259.jpg 768w\" sizes=\"auto, (max-width: 960px) 100vw, 960px\" \/><\/figure>\n<\/div>\n\n\n<h6 class=\"wp-block-heading has-green-color has-text-color has-link-color wp-elements-53e67c83e4f31ea7a840e0bb2ad8357d\">Neben den unten aufgef\u00fchrten Video Sammlungen haben wir dar\u00fcber hinaus viele B\u00fccher zum Ausleihen und Studieren!<\/h6>\n\n\n\n<details class=\"wp-block-details is-layout-flow wp-block-details-is-layout-flow\"><summary>Kinder-\/Jugendschach Chess-Tutor<\/summary>\n<ol class=\"wp-block-list\">\n<li>Stufe &#8211; Das Brett und die Figuren<\/li>\n\n\n\n<li>Stufe &#8211; Aktivit\u00e4t u. Verwundbarkeit<\/li>\n\n\n\n<li>Stufe &#8211; Die Er\u00f6ffnung abschlie\u00dfen<\/li>\n<\/ol>\n<\/details>\n\n\n\n<details class=\"wp-block-details is-layout-flow wp-block-details-is-layout-flow\"><summary>Er\u00f6ffnung ChessBase Tutorials<\/summary>\n<ol class=\"wp-block-list\">\n<li>Offene Spiele<\/li>\n\n\n\n<li>Halboffene Spiele<\/li>\n\n\n\n<li>Damengambit u. Damenbauernspiel<\/li>\n\n\n\n<li>Indische Er\u00f6ffnungen<\/li>\n\n\n\n<li>Flankenspiele<\/li>\n<\/ol>\n<\/details>\n\n\n\n<details class=\"wp-block-details is-layout-flow wp-block-details-is-layout-flow\"><summary>Strategie Powerplay- GM Daniel King<\/summary>\n<ul class=\"wp-block-list\">\n<li>P. 5 &#8211; Bauern<\/li>\n\n\n\n<li>P. 6 &#8211; Steine, Strukturen, Strategie<\/li>\n\n\n\n<li>P. 7 &#8211; So werden Figuren stark<\/li>\n\n\n\n<li>P. 10 &#8211; Richtig rechnen<\/li>\n\n\n\n<li>P. 11 &#8211; Verteidigung<\/li>\n<\/ul>\n<\/details>\n\n\n\n<details class=\"wp-block-details is-layout-flow wp-block-details-is-layout-flow\"><summary>Strategie Sonstige<\/summary>\n<ul class=\"wp-block-list\">\n<li>Geheimnisse der Planfindung &#8211; Michael Richter<\/li>\n\n\n\n<li>Geheimnisse der Variantenberechnung &#8211; Michael Richter<\/li>\n\n\n\n<li>Pattern Recognition and Typical Plans &#8211; Adrian Mikhalchishin<\/li>\n<\/ul>\n<\/details>\n\n\n\n<details class=\"wp-block-details is-layout-flow wp-block-details-is-layout-flow\"><summary>Taktik &#8211; IM Martin Breutigam<\/summary>\n<ol class=\"wp-block-list\">\n<li>Kombinieren lernen<\/li>\n\n\n\n<li>Muster der Meister<\/li>\n\n\n\n<li>Die Techniken im Opferangriff<\/li>\n<\/ol>\n<\/details>\n\n\n\n<details class=\"wp-block-details is-layout-flow wp-block-details-is-layout-flow\"><summary>Endspiele &#8211; GM Karsten M\u00fcller<\/summary>\n<ol class=\"wp-block-list\">\n<li>Grundlagen<\/li>\n\n\n\n<li>Turmendspiele<\/li>\n\n\n\n<li>Schwerfiguren<\/li>\n\n\n\n<li>Technische Endspiele<\/li>\n\n\n\n<li>Prinzipien Aktivit\u00e4t &amp; Initiative<\/li>\n\n\n\n<li>Prinzipien Dominanz &amp; Prophylaxe<\/li>\n\n\n\n<li>Prinzipien Schw\u00e4che &amp; Festung<\/li>\n\n\n\n<li>Praktische Turmendspiele<\/li>\n<\/ol>\n<\/details>\n\n\n\n<blockquote class=\"wp-block-quote is-layout-flow wp-block-quote-is-layout-flow\">\n<h6 class=\"wp-block-heading has-light-gray-background-color has-background\"><strong>Die Mediathek wurde aus Spendengelder finanziert, darunter ist auch ein Beitrag der Kreissparkasse Esslingen-N\u00fcrtingen.<\/strong><\/h6>\n<\/blockquote>\n\n\n\n<p><\/p>\n","protected":false},"excerpt":{"rendered":"<p>Unser digitales Material steht jedem Vereinsmitglied zur Verf\u00fcgung. Einzige Voraussetzung ist ein PC\/Notebook und ein DVD-Laufwerk. Hast du ein Notebook oder Tablet ohne externes Laufwerk dann finden wir einen anderen Weg dir das Material zu geben! Die Varianten und Abspiele aller Er\u00f6ffnungen werden von verschiedenen Internationalen Meistern und Gro\u00dfmeistern erl\u00e4utert und reichen bis zu einer &hellip; <a href=\"https:\/\/svn.schachvereine.de\/wp6\/training\/mediathek\/\" class=\"more-link\"><span class=\"screen-reader-text\">Mediathek<\/span> weiterlesen <span class=\"meta-nav\">&rarr;<\/span><\/a><\/p>\n","protected":false},"author":2,"featured_media":0,"parent":409,"menu_order":1,"comment_status":"closed","ping_status":"closed","template":"","meta":{"footnotes":""},"class_list":["post-410","page","type-page","status-publish","hentry"],"_links":{"self":[{"href":"https:\/\/svn.schachvereine.de\/wp6\/wp-json\/wp\/v2\/pages\/410","targetHints":{"allow":["GET"]}}],"collection":[{"href":"https:\/\/svn.schachvereine.de\/wp6\/wp-json\/wp\/v2\/pages"}],"about":[{"href":"https:\/\/svn.schachvereine.de\/wp6\/wp-json\/wp\/v2\/types\/page"}],"author":[{"embeddable":true,"href":"https:\/\/svn.schachvereine.de\/wp6\/wp-json\/wp\/v2\/users\/2"}],"replies":[{"embeddable":true,"href":"https:\/\/svn.schachvereine.de\/wp6\/wp-json\/wp\/v2\/comments?post=410"}],"version-history":[{"count":0,"href":"https:\/\/svn.schachvereine.de\/wp6\/wp-json\/wp\/v2\/pages\/410\/revisions"}],"up":[{"embeddable":true,"href":"https:\/\/svn.schachvereine.de\/wp6\/wp-json\/wp\/v2\/pages\/409"}],"wp:attachment":[{"href":"https:\/\/svn.schachvereine.de\/wp6\/wp-json\/wp\/v2\/media?parent=410"}],"curies":[{"name":"wp","href":"https:\/\/api.w.org\/{rel}","templated":true}]}}