{"id":460,"date":"2022-10-22T19:20:10","date_gmt":"2022-10-22T17:20:10","guid":{"rendered":"https:\/\/svn.schachvereine.de\/wp6\/?page_id=460"},"modified":"2026-01-27T15:33:21","modified_gmt":"2026-01-27T14:33:21","slug":"stadtmeisterschaft","status":"publish","type":"page","link":"https:\/\/svn.schachvereine.de\/wp6\/spielbetrieb\/stadtmeisterschaft\/","title":{"rendered":"N\u00fcrtinger Stadtmeisterschaft"},"content":{"rendered":"\n<p>Im Fr\u00fchjahr spielen wir regelm\u00e4\u00dfig die N\u00fcrtinger Stadtmeisterschaft um den Bernd-Stephan-Ged\u00e4chtnispokal in sieben Runden nach Schweizer System.<\/p>\n\n\n\n<p>Die Runden werden jeweils am Freitagabend nach dem Jugendtraining ausgetragen. Den Terminplan findest du im Men\u00fc unter <a href=\"https:\/\/svn.schachvereine.de\/wp6\/spielbetrieb\/\">Spielbetrieb<\/a>.<\/p>\n\n\n\n<div class=\"wp-block-media-text is-stacked-on-mobile\"><figure class=\"wp-block-media-text__media\"><img loading=\"lazy\" decoding=\"async\" width=\"1024\" height=\"702\" src=\"https:\/\/svn.schachvereine.de\/wp6\/wp-content\/uploads\/2025\/02\/Nuertingen-1024x702.jpg\" alt=\"\" class=\"wp-image-2117 size-full\" srcset=\"https:\/\/svn.schachvereine.de\/wp6\/wp-content\/uploads\/2025\/02\/Nuertingen-1024x702.jpg 1024w, https:\/\/svn.schachvereine.de\/wp6\/wp-content\/uploads\/2025\/02\/Nuertingen-300x206.jpg 300w, https:\/\/svn.schachvereine.de\/wp6\/wp-content\/uploads\/2025\/02\/Nuertingen-768x526.jpg 768w, https:\/\/svn.schachvereine.de\/wp6\/wp-content\/uploads\/2025\/02\/Nuertingen-1536x1053.jpg 1536w, https:\/\/svn.schachvereine.de\/wp6\/wp-content\/uploads\/2025\/02\/Nuertingen.jpg 1908w\" sizes=\"auto, (max-width: 1024px) 100vw, 1024px\" \/><\/figure><div class=\"wp-block-media-text__content\">\n<p><em><strong>N\u00fcrtingen ist immer einen Besuch wert &#8211; komme einfach vorbei und spiele mit in der Stadtmeisterschaft<\/strong><\/em>.<\/p>\n<\/div><\/div>\n\n\n\n<p><\/p>\n\n\n\n<p>Die <a href=\"https:\/\/svn.schachvereine.de\/wp6\/wp-content\/uploads\/2024\/07\/2024-NSM-Endtab-R7.pdf\" target=\"_blank\" rel=\"noreferrer noopener\">Endtabelle-2024.<\/a><\/p>\n\n\n\n<p>Die <a href=\"https:\/\/svn.schachvereine.de\/wp6\/runde-7-nuertinger-stadtmeisterschaft\/\" target=\"_blank\" rel=\"noreferrer noopener\">Endtabelle-2025.<\/a><\/p>\n","protected":false},"excerpt":{"rendered":"<p>Im Fr\u00fchjahr spielen wir regelm\u00e4\u00dfig die N\u00fcrtinger Stadtmeisterschaft um den Bernd-Stephan-Ged\u00e4chtnispokal in sieben Runden nach Schweizer System. Die Runden werden jeweils am Freitagabend nach dem Jugendtraining ausgetragen. Den Terminplan findest du im Men\u00fc unter Spielbetrieb. N\u00fcrtingen ist immer einen Besuch wert &#8211; komme einfach vorbei und spiele mit in der Stadtmeisterschaft. Die Endtabelle-2024. Die Endtabelle-2025.<\/p>\n","protected":false},"author":1,"featured_media":0,"parent":199,"menu_order":3,"comment_status":"closed","ping_status":"closed","template":"","meta":{"footnotes":""},"class_list":["post-460","page","type-page","status-publish","hentry"],"_links":{"self":[{"href":"https:\/\/svn.schachvereine.de\/wp6\/wp-json\/wp\/v2\/pages\/460","targetHints":{"allow":["GET"]}}],"collection":[{"href":"https:\/\/svn.schachvereine.de\/wp6\/wp-json\/wp\/v2\/pages"}],"about":[{"href":"https:\/\/svn.schachvereine.de\/wp6\/wp-json\/wp\/v2\/types\/page"}],"author":[{"embeddable":true,"href":"https:\/\/svn.schachvereine.de\/wp6\/wp-json\/wp\/v2\/users\/1"}],"replies":[{"embeddable":true,"href":"https:\/\/svn.schachvereine.de\/wp6\/wp-json\/wp\/v2\/comments?post=460"}],"version-history":[{"count":0,"href":"https:\/\/svn.schachvereine.de\/wp6\/wp-json\/wp\/v2\/pages\/460\/revisions"}],"up":[{"embeddable":true,"href":"https:\/\/svn.schachvereine.de\/wp6\/wp-json\/wp\/v2\/pages\/199"}],"wp:attachment":[{"href":"https:\/\/svn.schachvereine.de\/wp6\/wp-json\/wp\/v2\/media?parent=460"}],"curies":[{"name":"wp","href":"https:\/\/api.w.org\/{rel}","templated":true}]}}