{"id":65,"date":"2022-08-29T13:49:35","date_gmt":"2022-08-29T11:49:35","guid":{"rendered":"https:\/\/svn.schachvereine.de\/wp6\/?page_id=65"},"modified":"2025-05-14T16:22:35","modified_gmt":"2025-05-14T14:22:35","slug":"impressum","status":"publish","type":"page","link":"https:\/\/svn.schachvereine.de\/wp6\/impressum\/","title":{"rendered":"Impressum"},"content":{"rendered":"\n<h5 class=\"wp-block-heading\">Angaben gem. \u00a75 Telemediengesetz (TMG)<\/h5>\n\n\n\n<h6 class=\"wp-block-heading\">Das Internetangebot wird herausgegeben von<\/h6>\n\n\n\n<p>Schachverein N\u00fcrtingen 1920 e. V.<br>Heimst\u00e4ttenweg 4<br>72622 N\u00fcrtingen<br>E-Mail: nuertingen(at)schachvereine.de<\/p>\n\n\n\n<h6 class=\"wp-block-heading\">Eingetragen im Vereinsregister<\/h6>\n\n\n\n<p>Amtsgericht Stuttgart VR 220556<\/p>\n\n\n\n<h6 class=\"wp-block-heading\">Vertretungsberechtigt<\/h6>\n\n\n\n<p>Vorsitzender<br>Herr Wolfgang Kudlich<br>Heimst\u00e4ttenweg 4, 72622 N\u00fcrtingen<br>Telefon: +49 7022 39936<br>E-Mail: wum.kudlich(at)t-online.de<\/p>\n\n\n\n<h5 class=\"wp-block-heading\">Rechtliche Hinweise<\/h5>\n\n\n\n<ul class=\"wp-block-list\">\n<li>Der Schachverein N\u00fcrtingen 1920 e. V.\u00a0 (SVN) \u00fcbernimmt keinerlei Gew\u00e4hr f\u00fcr die Aktualit\u00e4t, Korrektheit, Vollst\u00e4ndigkeit oder Qualit\u00e4t der bereitgestellten Informationen. Haftungsanspr\u00fcche gegen den SVN, die sich auf Sch\u00e4den materieller oder ideeller Art beziehen, welche durch die Nutzung oder Nichtnutzung der dargebotenen Informationen bzw. durch die Nutzung fehlerhafter und unvollst\u00e4ndiger Informationen verursacht wurden, sind grunds\u00e4tzlich ausgeschlossen, sofern seitens des SVN kein nachweislich vors\u00e4tzliches oder grob fahrl\u00e4ssiges Verschulden vorliegt.<\/li>\n\n\n\n<li>Alle Angebote sind freibleibend und unverbindlich. Der SVN beh\u00e4lt es sich ausdr\u00fccklich vor, Teile der Seiten oder das gesamte Angebot ohne gesonderte Ank\u00fcndigung zu ver\u00e4ndern, zu erg\u00e4nzen, zu l\u00f6schen oder die Ver\u00f6ffentlichung zeitweise oder endg\u00fcltig einzustellen.<\/li>\n\n\n\n<li>Von etwaigen illegalen, pers\u00f6nlichkeitsverletzenden, moralisch oder ethisch anst\u00f6\u00dfigen Inhalten distanzieren wir uns in aller Deutlichkeit. Bitte Informieren Sie uns, wenn wir auf unseren Seiten ein solches Element haben oder per Link auf ein solches verweisen sollten.<\/li>\n\n\n\n<li>Bei einer Verletzung von fremden Urheberrecht oder sonstiger Rechte durch den Seitenbetreiber, eines Autors oder einer vom SVN gehosteten Vereinsseite, ist auf die Verletzung per E-Mail hinzuweisen. Bei Bestehen einer Verletzung wird diese umgehend beseitigt.<\/li>\n\n\n\n<li>Sollte aus irgendwelchen Gr\u00fcnden eine der vorstehenden Bedingungen ung\u00fcltig sein, so wird die Wirksamkeit der anderen Bestimmungen davon nicht ber\u00fchrt.<\/li>\n<\/ul>\n","protected":false},"excerpt":{"rendered":"<p>Angaben gem. \u00a75 Telemediengesetz (TMG) Das Internetangebot wird herausgegeben von Schachverein N\u00fcrtingen 1920 e. V.Heimst\u00e4ttenweg 472622 N\u00fcrtingenE-Mail: nuertingen(at)schachvereine.de Eingetragen im Vereinsregister Amtsgericht Stuttgart VR 220556 Vertretungsberechtigt VorsitzenderHerr Wolfgang KudlichHeimst\u00e4ttenweg 4, 72622 N\u00fcrtingenTelefon: +49 7022 39936E-Mail: wum.kudlich(at)t-online.de Rechtliche Hinweise<\/p>\n","protected":false},"author":1,"featured_media":0,"parent":0,"menu_order":0,"comment_status":"closed","ping_status":"closed","template":"","meta":{"footnotes":""},"class_list":["post-65","page","type-page","status-publish","hentry"],"_links":{"self":[{"href":"https:\/\/svn.schachvereine.de\/wp6\/wp-json\/wp\/v2\/pages\/65","targetHints":{"allow":["GET"]}}],"collection":[{"href":"https:\/\/svn.schachvereine.de\/wp6\/wp-json\/wp\/v2\/pages"}],"about":[{"href":"https:\/\/svn.schachvereine.de\/wp6\/wp-json\/wp\/v2\/types\/page"}],"author":[{"embeddable":true,"href":"https:\/\/svn.schachvereine.de\/wp6\/wp-json\/wp\/v2\/users\/1"}],"replies":[{"embeddable":true,"href":"https:\/\/svn.schachvereine.de\/wp6\/wp-json\/wp\/v2\/comments?post=65"}],"version-history":[{"count":0,"href":"https:\/\/svn.schachvereine.de\/wp6\/wp-json\/wp\/v2\/pages\/65\/revisions"}],"wp:attachment":[{"href":"https:\/\/svn.schachvereine.de\/wp6\/wp-json\/wp\/v2\/media?parent=65"}],"curies":[{"name":"wp","href":"https:\/\/api.w.org\/{rel}","templated":true}]}}