{"id":70,"date":"2022-08-29T14:55:01","date_gmt":"2022-08-29T12:55:01","guid":{"rendered":"https:\/\/svn.schachvereine.de\/wp6\/?page_id=70"},"modified":"2026-04-11T00:06:15","modified_gmt":"2026-04-10T22:06:15","slug":"mitgliedschaft","status":"publish","type":"page","link":"https:\/\/svn.schachvereine.de\/wp6\/ueber-uns\/mitgliedschaft\/","title":{"rendered":"Mitgliedschaft"},"content":{"rendered":"\n<ul class=\"wp-block-list\">\n<li><span style=\"color: #993366;\"><em>Hast du nach einer Pause wieder Lust zum Schachspielen oder m\u00f6chtest du vielleicht deine Spielst\u00e4rke verbessern?<\/em><\/span><\/li>\n\n\n\n<li><span style=\"color: #993366;\"><em>Bist du aktive\/r Schachspieler\/in und neu in N\u00fcrtingen?<\/em><\/span><\/li>\n\n\n\n<li><span style=\"color: #993366;\"><em>Hast du Kind\/er, die gerne das Schachspiel erlernen m\u00f6chten oder schon Kenntnisse haben?<\/em><\/span><\/li>\n<\/ul>\n\n\n\n<div class=\"wp-block-cover has-x-large-font-size\" style=\"min-height:290px;aspect-ratio:unset;\"><img loading=\"lazy\" decoding=\"async\" width=\"1920\" height=\"1080\" class=\"wp-block-cover__image-background wp-image-2062\" alt=\"\" src=\"https:\/\/svn.schachvereine.de\/wp6\/wp-content\/uploads\/2025\/02\/Koenig-um.jpg\" data-object-fit=\"cover\" srcset=\"https:\/\/svn.schachvereine.de\/wp6\/wp-content\/uploads\/2025\/02\/Koenig-um.jpg 1920w, https:\/\/svn.schachvereine.de\/wp6\/wp-content\/uploads\/2025\/02\/Koenig-um-300x169.jpg 300w, https:\/\/svn.schachvereine.de\/wp6\/wp-content\/uploads\/2025\/02\/Koenig-um-1024x576.jpg 1024w, https:\/\/svn.schachvereine.de\/wp6\/wp-content\/uploads\/2025\/02\/Koenig-um-768x432.jpg 768w, https:\/\/svn.schachvereine.de\/wp6\/wp-content\/uploads\/2025\/02\/Koenig-um-1536x864.jpg 1536w\" sizes=\"auto, (max-width: 1920px) 100vw, 1920px\" \/><span aria-hidden=\"true\" class=\"wp-block-cover__background has-background-dim-0 has-background-dim\" style=\"background-color:#524b4b\"><\/span><div class=\"wp-block-cover__inner-container is-layout-constrained wp-block-cover-is-layout-constrained\">\n<p class=\"has-text-align-center has-white-color has-text-color has-link-color has-x-large-font-size wp-elements-2ae5dd21a48fe7bdad98d408c3c54372\"><strong>Dann bist du bei uns<\/strong><\/p>\n\n\n\n<p class=\"has-text-align-center has-white-color has-text-color has-link-color has-x-large-font-size wp-elements-82ae12cc9087e8b37984a5d59a51ba48\"><strong>genau richtig!<\/strong><\/p>\n<\/div><\/div>\n\n\n\n<p><\/p>\n\n\n\n<ul class=\"wp-block-list\">\n<li><span style=\"color: #0000ff;\">Wir suchen Schachspieler\/innen, die mit anderen Schachfreund\/innen gerne ihr Hobby betreiben.<\/span><\/li>\n\n\n\n<li><span style=\"color: #0000ff;\">Verst\u00e4rke unsere Mannschaften bei den Verbandsspielen<\/span><\/li>\n\n\n\n<li><span style=\"color: #0000ff;\">Oder bringe einfach dein\/e Kind\/er mit zum Jugendschach<\/span><\/li>\n<\/ul>\n\n\n\n<h3 class=\"wp-block-heading\"><strong>Interessiert?<\/strong><\/h3>\n\n\n\n<p>Dann schau doch einfach mal am Spielabend bei uns vorbei.<br>In unserem Flyer findest du alle Informationen zum Verein.<br>M\u00f6chtest du Mitglied im Schachverein N\u00fcrtingen werden, so findest du auch unsere Beitrittserkl\u00e4rung und die Satzung hier:<\/p>\n\n\n\n<div class=\"wp-block-buttons is-layout-flex wp-block-buttons-is-layout-flex\">\n<div class=\"wp-block-button\"><a class=\"wp-block-button__link wp-element-button\" href=\"https:\/\/svn.schachvereine.de\/wp6\/wp-content\/uploads\/2025\/08\/SVN-Flyer-20250822.pdf\" target=\"_blank\" rel=\"noreferrer noopener\">Flyer<\/a><\/div>\n\n\n\n<div class=\"wp-block-button\"><a class=\"wp-block-button__link wp-element-button\" href=\"https:\/\/svn.schachvereine.de\/wp6\/wp-content\/uploads\/2023\/10\/SVN-Beitrittserklaerung.pdf\" target=\"_blank\" rel=\"noreferrer noopener\">Beitritt<\/a><\/div>\n\n\n\n<div class=\"wp-block-button\"><a class=\"wp-block-button__link wp-element-button\" href=\"https:\/\/svn.schachvereine.de\/wp6\/wp-content\/uploads\/2025\/06\/SVN-Satzung2025.pdf\" target=\"_blank\" rel=\"noreferrer noopener\">Satzung<\/a><\/div>\n<\/div>\n\n\n\n<h3 class=\"wp-block-heading\">Unser Jahresbeitrag im Verein<\/h3>\n\n\n\n<p>Die Mitgliederversammlung hat am 21. Juli 2023 die Jahresbeitr\u00e4ge f\u00fcr den Schachverein wie folgt festgelegt:<\/p>\n\n\n\n<ul class=\"wp-block-list\">\n<li>Kinder und Jugendliche 36,00 \u20ac<\/li>\n\n\n\n<li>erm\u00e4\u00dfigter Beitrag f\u00fcr Auszubildende und Studenten 48,00 \u20ac<\/li>\n\n\n\n<li>Erwachsene 60,00 \u20ac<\/li>\n\n\n\n<li>Familie 84,00 \u20ac<\/li>\n<\/ul>\n\n\n\n<p>&nbsp;<\/p>\n","protected":false},"excerpt":{"rendered":"<p>Interessiert? Dann schau doch einfach mal am Spielabend bei uns vorbei.In unserem Flyer findest du alle Informationen zum Verein.M\u00f6chtest du Mitglied im Schachverein N\u00fcrtingen werden, so findest du auch unsere Beitrittserkl\u00e4rung und die Satzung hier: Unser Jahresbeitrag im Verein Die Mitgliederversammlung hat am 21. Juli 2023 die Jahresbeitr\u00e4ge f\u00fcr den Schachverein wie folgt festgelegt: &nbsp;<\/p>\n","protected":false},"author":1,"featured_media":0,"parent":22,"menu_order":2,"comment_status":"closed","ping_status":"closed","template":"","meta":{"footnotes":""},"class_list":["post-70","page","type-page","status-publish","hentry"],"_links":{"self":[{"href":"https:\/\/svn.schachvereine.de\/wp6\/wp-json\/wp\/v2\/pages\/70","targetHints":{"allow":["GET"]}}],"collection":[{"href":"https:\/\/svn.schachvereine.de\/wp6\/wp-json\/wp\/v2\/pages"}],"about":[{"href":"https:\/\/svn.schachvereine.de\/wp6\/wp-json\/wp\/v2\/types\/page"}],"author":[{"embeddable":true,"href":"https:\/\/svn.schachvereine.de\/wp6\/wp-json\/wp\/v2\/users\/1"}],"replies":[{"embeddable":true,"href":"https:\/\/svn.schachvereine.de\/wp6\/wp-json\/wp\/v2\/comments?post=70"}],"version-history":[{"count":0,"href":"https:\/\/svn.schachvereine.de\/wp6\/wp-json\/wp\/v2\/pages\/70\/revisions"}],"up":[{"embeddable":true,"href":"https:\/\/svn.schachvereine.de\/wp6\/wp-json\/wp\/v2\/pages\/22"}],"wp:attachment":[{"href":"https:\/\/svn.schachvereine.de\/wp6\/wp-json\/wp\/v2\/media?parent=70"}],"curies":[{"name":"wp","href":"https:\/\/api.w.org\/{rel}","templated":true}]}}